{"id":19519,"date":"2017-02-21T13:51:34","date_gmt":"2017-02-21T12:51:34","guid":{"rendered":"https:\/\/www.finefrance.ch\/de\/?page_id=19519"},"modified":"2021-07-20T16:20:46","modified_gmt":"2021-07-20T14:20:46","slug":"lepicerie-de-produits-artisanaux-regionaux-dequinoussommes","status":"publish","type":"page","link":"https:\/\/www.finefrance.ch\/de\/lepicerie-de-produits-artisanaux-regionaux-dequinoussommes\/","title":{"rendered":"\u00dcber uns"},"content":{"rendered":"<p>[vc_row el_id=&#8220;quisommesnous&#8220;][vc_column][vc_column_text]<\/p>\n<h4 style=\"text-align: center;\">Wer sind wir?<\/h4>\n<p>&nbsp;<\/p>\n<p>[\/vc_column_text][\/vc_column][\/vc_row][vc_row][vc_column width=&#8220;1\/2&#8243;][vc_single_image image=&#8220;19521&#8243; img_size=&#8220;full&#8220;][\/vc_column][vc_column width=&#8220;1\/2&#8243;][vc_column_text]Fine France ist ein Online-Lebensmittelgesch\u00e4ft f\u00fcr Gourmets, die typische, authentische und ikonische franz\u00f6sische Produkte sch\u00e4tzen.<\/p>\n<p>Wir w\u00e4hlen vor allem Produkte, die nach traditionellen Methoden hergestellt wurden.<\/p>\n<p>Unser Shop bietet vor allem Produkte, die ohne Farbstoffe, Konservierungsmittel, Additive oder Geschmacksverst\u00e4rker sind. Unser Schl\u00fcsselwort ist Qualit\u00e4t, und wir w\u00e4hlen nur die nat\u00fcrlichsten Produkte aus edlen und lokalen Zutaten.<\/p>\n<p>Wir sind bestrebt, qualitativ hochwertige Produkte an gewarnte und anspruchsvolle Verbraucher anzubieten, die sich um das sorgen, was sie essen.<\/p>\n<p>Schlie\u00dflich bieten wir nur Produkte an, die wir geschmeckt haben und die in den traditionellen Gesch\u00e4ften nicht leicht zu finden sind.[\/vc_column_text][\/vc_column][\/vc_row][vc_row el_id=&#8220;philosophie&#8220;][vc_column css=&#8220;.vc_custom_1477987428968{padding-top: 80px !important;}&#8220;][vc_column_text]<\/p>\n<h4 style=\"text-align: center;\">Unsere Philosophie<\/h4>\n<p>&nbsp;<\/p>\n<p>Wir arbeiten mit Produzenten zusammen, die ihr Handwerk beherrschen und respektieren, im Geiste der franz\u00f6sischen Tradition. Wir sch\u00e4tzen vor allem Produkte, die nach dieser traditionellen Handwerkskunst hergestellt wurden, mit nat\u00fcrlichen Zutaten. Deshalb finden Sie in unserem Feinkostgesch\u00e4ft meist Bio-, GVO-freie und additive freie Produkte.[\/vc_column_text][\/vc_column][\/vc_row][vc_row gap=&#8220;25&#8243;][vc_column width=&#8220;1\/3&#8243;][vc_column_text]<\/p>\n<h5 style=\"text-align: center;\">Nat\u00fcrliche Zutaten<\/h5>\n<p><span style=\"line-height: 1.5;\">\u00a0<\/span>[\/vc_column_text][\/vc_column][vc_column width=&#8220;1\/3&#8243;][vc_column_text]<\/p>\n<div class=\"page\" title=\"Page 1\">\n<div class=\"section\">\n<div class=\"layoutArea\">\n<div class=\"column\">\n<h5 style=\"text-align: center;\">Tradizionelle Methode<\/h5>\n<p>&nbsp;<\/p>\n<\/div>\n<\/div>\n<\/div>\n<\/div>\n<p>[\/vc_column_text][\/vc_column][vc_column width=&#8220;1\/3&#8243;][vc_column_text]<\/p>\n<h5 style=\"text-align: center;\">Authentischer Geschmack<\/h5>\n<p>[\/vc_column_text][\/vc_column][\/vc_row][vc_row][vc_column][vc_column_text el_class=&#8220;nicefont aligncenter&#8220;]<\/p>\n<p style=\"text-align: center;\">Zu ihrem Vergn\u00fcgen. Zu ihrer Gesundheit. Zu ihrem Wohlbefinden.<\/p>\n<p>[\/vc_column_text][\/vc_column][\/vc_row][vc_row el_id=&#8220;lieferung&#8220;][vc_column css=&#8220;.vc_custom_1477987471837{padding-top: 80px !important;}&#8220;][vc_column_text]<\/p>\n<h4 style=\"text-align: center;\">Lieferung<\/h4>\n<p>[\/vc_column_text][\/vc_column][\/vc_row][vc_row][vc_column width=&#8220;1\/12&#8243;][\/vc_column][vc_column width=&#8220;5\/6&#8243;]<div class=\"pricing-table columns1  style2\"><\/p>\n<ul>\n<li class=\"row-title\">Gratisversand*<br \/>\n<sup>F\u00fcr Bestellungen ab 80.-<\/sup><\/li>\n<li>Innerhalb von 2-3 Werktagen**<\/li>\n<li class=\"row-price\">Gratis<\/li>\n<\/ul>\n<p><\/div><div class=\"pricing-table columns1  style2\"><\/p>\n<ul>\n<li class=\"row-title\">Standard Lieferung<sup><br \/>\nPostpack Economy<\/sup><\/li>\n<li>2-3 Werktagen**<\/li>\n<li class=\"row-price\">7\u00a0CHF<\/li>\n<\/ul>\n<p><\/div><div class=\"pricing-table columns1  style2\"><\/p>\n<ul>\n<li class=\"row-title\">Express Lieferung<br \/>\n<sup>PostPack Priority<\/sup><\/li>\n<li>1-2 Werktagen**<\/li>\n<li class=\"row-price\">9\u00a0CHF<\/li>\n<\/ul>\n<p><\/div>[\/vc_column][vc_column width=&#8220;1\/12&#8243;][\/vc_column][\/vc_row][vc_row el_id=&#8220;Lieferanten&#8220;][vc_column][vc_column_text]<span class=\"s1\">Alle angeforderten personenbezogenen Daten (Name, Nachname, E-Mail, Rechnungsadresse, Lieferadresse, Modus und Zahlungsdetails) sind vor der endg\u00fcltigen Auftragsbest\u00e4tigung erforderlich.<\/span><\/p>\n<p><span class=\"s1\">Die Firma Fine France haftet nicht f\u00fcr eventuelle Fehler oder Lieferverz\u00f6gerungen, die auf die vom Kunden eingegebenen Informationsfehler zur\u00fcckzuf\u00fchren sind.<\/span><\/p>\n<p><span class=\"s1\">Die Bestellung erfolgt in der Schweiz und in Liechtenstein, durch die Schweizer Post, an der Adresse des Kunden, nach der gew\u00e4hlte Option (Economy oder Express).<\/span><\/p>\n<p><span class=\"s1\">Die Versandkosten werden vom Kunden bezahlt und h\u00e4ngen von der Lieferungswahl ab.<\/span><\/p>\n<p><span class=\"s1\">Der Expressversandmodus entspricht einem PostPac Priority Versand, der Standardmodus entspricht einem PostPac Economy Versand.<\/span><\/p>\n<p><span class=\"s1\">Die Lieferung ist kostenlos f\u00fcr Bestellungen ab 80 CHF.<\/span><\/p>\n<p><span class=\"s1\">Im Falle der Abwesenheit, m\u00fcssen Sie das Paket bei der Post abholen.<\/span><\/p>\n<p><span class=\"s1\">Vergessen Sie nicht, Ihr Paket zu \u00fcberpr\u00fcfen, bevor Sie Ihre Unterschrift zur Verf\u00fcgung stellen.Jeder Schaden muss auf der Versandliste angegeben werden und Fine France muss innerhalb von 2 Tagen informiert werden.<\/span><\/p>\n<p><span class=\"s1\">Pakete werden von <strong>Montag bis Donnerstag<\/strong> gesendet. Auftr\u00e4ge, die vor 12 Uhr g\u00fcltig sind, werden am selben Tag gesendet. Die nach 12 Uhr ankommen werden am n\u00e4chsten Tag gesendet.<\/span><\/p>\n<p><span class=\"s1\">Die Post liefert die Waren von Montag bis Freitag.<\/span><\/p>\n<p><span class=\"s1\">Die genannten Zustellungen sind zu Informationszwecken und Fine France kann nicht f\u00fcr irgendeine Verz\u00f6gerung oder Nichtlieferung au\u00dferhalb unserer Kontrolle verantwortlich gemacht werden.<\/span><\/p>\n<p><span class=\"s1\">Eine Verz\u00f6gerung bei der Lieferung kann unter keinen Umst\u00e4nden ein Grund f\u00fcr die K\u00fcndigung der Bestellung sein und wird nicht zu einer Entsch\u00e4digung oder Erstattung f\u00fchren.<\/span>[\/vc_column_text][\/vc_column][\/vc_row][vc_row][vc_column][vc_column_text el_class=&#8220;legendes&#8220;]*Kostenlose Lieferungen sind immer Economy Lieferungen.<br \/>\n**Die Lieferzeit gilt f\u00fcr die vor 12.00 Uhr g\u00fcltigen Bestellungen und wird noch einen Tag dauern, wenn die Bestellung nach 12.00 Uhr best\u00e4tigt wird.[\/vc_column_text][\/vc_column][\/vc_row]<\/p>\n","protected":false},"excerpt":{"rendered":"<p>&#8230;<\/p>\n","protected":false},"author":3,"featured_media":0,"parent":0,"menu_order":0,"comment_status":"closed","ping_status":"closed","template":"","meta":{"_acf_changed":false,"footnotes":""},"class_list":["post-19519","page","type-page","status-publish","hentry"],"acf":[],"_links":{"self":[{"href":"https:\/\/www.finefrance.ch\/de\/wp-json\/wp\/v2\/pages\/19519","targetHints":{"allow":["GET"]}}],"collection":[{"href":"https:\/\/www.finefrance.ch\/de\/wp-json\/wp\/v2\/pages"}],"about":[{"href":"https:\/\/www.finefrance.ch\/de\/wp-json\/wp\/v2\/types\/page"}],"author":[{"embeddable":true,"href":"https:\/\/www.finefrance.ch\/de\/wp-json\/wp\/v2\/users\/3"}],"replies":[{"embeddable":true,"href":"https:\/\/www.finefrance.ch\/de\/wp-json\/wp\/v2\/comments?post=19519"}],"version-history":[{"count":16,"href":"https:\/\/www.finefrance.ch\/de\/wp-json\/wp\/v2\/pages\/19519\/revisions"}],"predecessor-version":[{"id":24161,"href":"https:\/\/www.finefrance.ch\/de\/wp-json\/wp\/v2\/pages\/19519\/revisions\/24161"}],"wp:attachment":[{"href":"https:\/\/www.finefrance.ch\/de\/wp-json\/wp\/v2\/media?parent=19519"}],"curies":[{"name":"wp","href":"https:\/\/api.w.org\/{rel}","templated":true}]}}