{"id":19810,"date":"2017-10-31T14:40:55","date_gmt":"2017-10-31T13:40:55","guid":{"rendered":"https:\/\/www.finefrance.ch\/de\/?page_id=19810"},"modified":"2017-10-31T14:40:55","modified_gmt":"2017-10-31T13:40:55","slug":"geschaeftsbedingungen","status":"publish","type":"page","link":"https:\/\/www.finefrance.ch\/de\/geschaeftsbedingungen\/","title":{"rendered":"Gesch\u00e4ftsbedingungen"},"content":{"rendered":"<h3 class=\"p1\"><span class=\"s1\">Gesch\u00e4ftsbedingungen<\/span><\/h3>\n<p class=\"p1\"><span class=\"s1\">Jeder Verkauf auf der Fine France Website unterliegt den nachfolgenden Bedingungen.<br \/>\n<\/span><\/p>\n<h4 class=\"p1\"><span class=\"s2\">1. G\u00fcltigkeit<br \/>\n<\/span><\/h4>\n<p class=\"p1\"><span class=\"s1\">Mit der Auftragserteilung akzeptiert der Kunde die Allgemeinen Gesch\u00e4ftsbedingungen.<\/span><\/p>\n<h4 class=\"p1\"><span class=\"s2\">2. Preise und Zahlung<br \/>\n<\/span><\/h4>\n<p>Jeder Kauf, der auf der FineFrance-Website erfolgt, unterliegt den Preisen und Bedingungen, die zum Zeitpunkt der Zahlung gelten. Jede \u00c4nderung (im Zusammenhang mit der Preisgestaltung oder einer anderen Bedingung), die nach dem Kauf erfolgt, gilt als nicht anwendbar f\u00fcr den Kauf.<br \/>\nVersandpreise werden nach den Postgeb\u00fchren berechnet.<br \/>\nDie Preise beinhalten die gesetzlichen Mehrwertsteuers\u00e4tze.<br \/>\nOnline-Zahlungsoptionen werden bei der Fertigstellung der Bestellung auf der Website angezeigt. Der Kunde hat die Wahl, per Kreditkarte zu zahlen (unter den auf der Website erw\u00e4hnten) oder \u00dcberweisung.<\/p>\n<p>&nbsp;<\/p>\n<h4 class=\"p1\"><span class=\"s2\">3. Bestellung und Best\u00e4tigung<br \/>\n<\/span><\/h4>\n<p>Auftr\u00e4ge werden auf der Website www.finefrance.ch abgelegt.<br \/>\nDer Kaufvertrag wird geschlossen, sobald die Bestellung per E-Mail best\u00e4tigt ist, und zwar von einer von Fine France Kontakt-E-Mail-Adressen.<br \/>\nDiese Best\u00e4tigung fasst die Liste der gelieferten Waren zusammen, und der bezahlte Betrag (alle Geb\u00fchren und Steuern inbegriffen).<br \/>\nEinmal per E-Mail best\u00e4tigt, kann eine Bestellung nicht mehr st\u00f6rniert werden.<br \/>\nFine France beh\u00e4lt sich das Recht vor, neben den bereits erteilten Auftr\u00e4gen im Rahmen seiner Kunden-Belohnungsprogramme, auch die Lieferung von Zusatzprodukten vorzunehmen.<br \/>\nMit der Auftragserteilung bescheinigt jeder Kunde mindestens 18 Jahre alt zu sein und bescheinigt die Wahrhaftigkeit aller bereitgestellten Informationen.<\/p>\n<p>&nbsp;<\/p>\n<h4 class=\"p1\"><span class=\"s2\">4. Versand<br \/>\n<\/span><\/h4>\n<p>Fine France liefert ausschlie\u00dflich in die Schweiz.<br \/>\nDie Informationen zum Versand, die auf unserer Website angezeigt werden, dienen ausschlie\u00dflich f\u00fcr Informationszwecken.<br \/>\nDa die Lieferung von einer Drittfirma erfolgt, k\u00f6nnen die gesch\u00e4tzten und tats\u00e4chlichen Liefertermine manchmal aus Gr\u00fcnden unterscheiden, die von unserer Kontrolle unabh\u00e4ngig sind.<br \/>\nEine Verz\u00f6gerung der Lieferung kann daher nicht zur K\u00fcndigung eines Kaufs f\u00fchren.<br \/>\nDie Ware wird bei der Auftragsbest\u00e4tigung an die vom Kunden angegebene Versandadresse geliefert.<\/p>\n<p>&nbsp;<\/p>\n<h4 class=\"p1\"><span class=\"s2\">5. Empfang der Waren<br \/>\n<\/span><\/h4>\n<p class=\"p1\"><span class=\"s1\">Bei Empfang der Ware, soll der Kunde unverz\u00fcglich FineFrance per E-Mail benachrichtigen, wenn ein Produkt besch\u00e4digt ist. In diesem Fall hat der Kunde den Nachweis der Besch\u00e4digung oder Verzug durch der E-Mail zu \u00fcbermitteln. Sobald FineFrance die Beschwerde \u00fcberpr\u00fcft hat, wird dem Kunden ein angemessener Betrag gutgeschrieben.<br \/>\n<\/span><\/p>\n<h4 class=\"p1\"><span class=\"s2\">6. Garantie<\/span><\/h4>\n<p class=\"p1\"><span class=\"s1\">Das Verwendungsdatum wird auf allen unseren Produkten mit Ablaufdatum angezeigt.<\/span><\/p>\n<h4 class=\"p1\"><span class=\"s2\">7. Und sonst<br \/>\n<\/span><\/h4>\n<p>Die dargelegten Bedingungen k\u00f6nnen jederzeit von FineFrance einseitig ge\u00e4ndert werden.<br \/>\nDie zur Erf\u00fcllung der Ware erhobenen Daten werden von Fine France gespeichert und werden ausschlie\u00dflich zu Lieferungen an Die Post (oder jede andere Lieferfirma) \u00fcbermittelt. Alle Daten werden von Fine France vertraulich behandelt und nicht \u00fcbertragen.<br \/>\nDer einzige Kontext wo Fine France diese privaten Daten nutzen soll, ist im Falle von Werbeangeboten, Schlussverkauf oder Marketingaufgaben, mit dem Ziel den Kunden einen besseren Service zu bieten.<\/p>\n<p>&nbsp;<\/p>\n<h4 class=\"p1\"><span class=\"s2\">8. Wirtschaftsrecht<br \/>\n<\/span><\/h4>\n<p>Die Gesch\u00e4ftsbedingungen unterliegen dem schweizerischen Gesetz Der alleinige Gerichtsstand ist der Standort des Hauptsitzes von FineFrance in Th\u00f4nex, Schweiz.<\/p>\n<p>&nbsp;<\/p>\n<h4 class=\"p1\">10. Hinweise<\/h4>\n<p class=\"p1\">Das Unternehmen ist im Handelsregister unter folgender Adresse eingetragen:<\/p>\n<p class=\"p1\">Fine France S\u00e0rl<br \/>\nroute de Sous-Moulin 53<br \/>\n1226 Th\u00f4nex<\/p>\n<p class=\"p1\">Die Korrespondenzadresse ist :<\/p>\n<p class=\"p1\">Fine France Sarl<br \/>\nCase Postale 220<br \/>\n1225 Ch\u00eane-Bourg<\/p>\n<p class=\"p1\">\n","protected":false},"excerpt":{"rendered":"<p>&#8230;<\/p>\n","protected":false},"author":3,"featured_media":0,"parent":0,"menu_order":0,"comment_status":"closed","ping_status":"closed","template":"","meta":{"_acf_changed":false,"footnotes":""},"class_list":["post-19810","page","type-page","status-publish","hentry"],"acf":[],"_links":{"self":[{"href":"https:\/\/www.finefrance.ch\/de\/wp-json\/wp\/v2\/pages\/19810","targetHints":{"allow":["GET"]}}],"collection":[{"href":"https:\/\/www.finefrance.ch\/de\/wp-json\/wp\/v2\/pages"}],"about":[{"href":"https:\/\/www.finefrance.ch\/de\/wp-json\/wp\/v2\/types\/page"}],"author":[{"embeddable":true,"href":"https:\/\/www.finefrance.ch\/de\/wp-json\/wp\/v2\/users\/3"}],"replies":[{"embeddable":true,"href":"https:\/\/www.finefrance.ch\/de\/wp-json\/wp\/v2\/comments?post=19810"}],"version-history":[{"count":3,"href":"https:\/\/www.finefrance.ch\/de\/wp-json\/wp\/v2\/pages\/19810\/revisions"}],"predecessor-version":[{"id":20650,"href":"https:\/\/www.finefrance.ch\/de\/wp-json\/wp\/v2\/pages\/19810\/revisions\/20650"}],"wp:attachment":[{"href":"https:\/\/www.finefrance.ch\/de\/wp-json\/wp\/v2\/media?parent=19810"}],"curies":[{"name":"wp","href":"https:\/\/api.w.org\/{rel}","templated":true}]}}