{"id":20187,"date":"2017-04-24T15:30:26","date_gmt":"2017-04-24T14:30:26","guid":{"rendered":"https:\/\/www.finefrance.ch\/product\/fluessige-marseille-seife-kirschblueten\/"},"modified":"2023-04-04T00:00:14","modified_gmt":"2023-04-03T22:00:14","slug":"fluessige-marseille-seife-kirschblueten","status":"publish","type":"product","link":"https:\/\/www.finefrance.ch\/de\/Artikel\/fluessige-marseille-seife-kirschblueten\/","title":{"rendered":"Fl\u00fcssige Marseille Seife- Kirschbl\u00fcten"},"content":{"rendered":"<p>Fl\u00fcssige Marseille Seife- Kirschbl\u00fcten<\/p>\n","protected":false},"excerpt":{"rendered":"<p>Fl\u00fcssige Marseille Seife- Kirschbl\u00fctenduft<\/p>\n","protected":false},"featured_media":19711,"comment_status":"open","ping_status":"closed","template":"","meta":{"_acf_changed":false},"product_brand":[],"product_cat":[629,617],"product_tag":[],"class_list":{"0":"post-20187","1":"product","2":"type-product","3":"status-publish","4":"has-post-thumbnail","6":"region-provence-de","7":"label-02-bio-de","8":"brand-marseille-de","9":"product_cat-fluessige-seife","10":"product_cat-dusch","12":"first","13":"instock","14":"purchasable","15":"product-type-simple"},"acf":[],"_links":{"self":[{"href":"https:\/\/www.finefrance.ch\/de\/wp-json\/wp\/v2\/product\/20187","targetHints":{"allow":["GET"]}}],"collection":[{"href":"https:\/\/www.finefrance.ch\/de\/wp-json\/wp\/v2\/product"}],"about":[{"href":"https:\/\/www.finefrance.ch\/de\/wp-json\/wp\/v2\/types\/product"}],"replies":[{"embeddable":true,"href":"https:\/\/www.finefrance.ch\/de\/wp-json\/wp\/v2\/comments?post=20187"}],"wp:featuredmedia":[{"embeddable":true,"href":"https:\/\/www.finefrance.ch\/de\/wp-json\/wp\/v2\/media\/19711"}],"wp:attachment":[{"href":"https:\/\/www.finefrance.ch\/de\/wp-json\/wp\/v2\/media?parent=20187"}],"wp:term":[{"taxonomy":"product_brand","embeddable":true,"href":"https:\/\/www.finefrance.ch\/de\/wp-json\/wp\/v2\/product_brand?post=20187"},{"taxonomy":"product_cat","embeddable":true,"href":"https:\/\/www.finefrance.ch\/de\/wp-json\/wp\/v2\/product_cat?post=20187"},{"taxonomy":"product_tag","embeddable":true,"href":"https:\/\/www.finefrance.ch\/de\/wp-json\/wp\/v2\/product_tag?post=20187"}],"curies":[{"name":"wp","href":"https:\/\/api.w.org\/{rel}","templated":true}]}}