{"id":20210,"date":"2017-01-26T16:37:39","date_gmt":"2017-01-26T15:37:39","guid":{"rendered":"https:\/\/www.finefrance.ch\/product\/pyramide-des-tropiques-3\/"},"modified":"2022-09-13T21:33:26","modified_gmt":"2022-09-13T19:33:26","slug":"pyramide-des-tropiques-3","status":"publish","type":"product","link":"https:\/\/www.finefrance.ch\/de\/Artikel\/pyramide-des-tropiques-3\/","title":{"rendered":"Pyramide des Tropiques"},"content":{"rendered":"<p>10 T\u00e4feln Grands Crus Schokolade (Papouasie, Indon\u00e9sie, Sao Tom\u00e9, Trinidad, V\u00e9n\u00e9zuela, Tanzanie, Ghana, Madagascar, Colombie, Equateur)<\/p>\n","protected":false},"excerpt":{"rendered":"<p>10 Schokoladent\u00e4feln aus den Tropen, 75%<\/p>\n","protected":false},"featured_media":20208,"comment_status":"open","ping_status":"closed","template":"","meta":{"_acf_changed":false},"product_brand":[],"product_cat":[613,610],"product_tag":[],"class_list":{"0":"post-20210","1":"product","2":"type-product","3":"status-publish","4":"has-post-thumbnail","6":"region-rhone-de","7":"brand-francois-pralus-de","8":"product_cat-schokolade","9":"product_cat-suessigkeiten","11":"first","12":"outofstock","13":"purchasable","14":"product-type-simple"},"acf":[],"_links":{"self":[{"href":"https:\/\/www.finefrance.ch\/de\/wp-json\/wp\/v2\/product\/20210","targetHints":{"allow":["GET"]}}],"collection":[{"href":"https:\/\/www.finefrance.ch\/de\/wp-json\/wp\/v2\/product"}],"about":[{"href":"https:\/\/www.finefrance.ch\/de\/wp-json\/wp\/v2\/types\/product"}],"replies":[{"embeddable":true,"href":"https:\/\/www.finefrance.ch\/de\/wp-json\/wp\/v2\/comments?post=20210"}],"wp:featuredmedia":[{"embeddable":true,"href":"https:\/\/www.finefrance.ch\/de\/wp-json\/wp\/v2\/media\/20208"}],"wp:attachment":[{"href":"https:\/\/www.finefrance.ch\/de\/wp-json\/wp\/v2\/media?parent=20210"}],"wp:term":[{"taxonomy":"product_brand","embeddable":true,"href":"https:\/\/www.finefrance.ch\/de\/wp-json\/wp\/v2\/product_brand?post=20210"},{"taxonomy":"product_cat","embeddable":true,"href":"https:\/\/www.finefrance.ch\/de\/wp-json\/wp\/v2\/product_cat?post=20210"},{"taxonomy":"product_tag","embeddable":true,"href":"https:\/\/www.finefrance.ch\/de\/wp-json\/wp\/v2\/product_tag?post=20210"}],"curies":[{"name":"wp","href":"https:\/\/api.w.org\/{rel}","templated":true}]}}