{"id":20217,"date":"2016-11-08T21:52:45","date_gmt":"2016-11-08T20:52:45","guid":{"rendered":"https:\/\/www.finefrance.ch\/product\/mini-pyramide-des-tropiques\/"},"modified":"2020-11-21T16:39:40","modified_gmt":"2020-11-21T14:39:40","slug":"mini-pyramide-des-tropiques","status":"publish","type":"product","link":"https:\/\/www.finefrance.ch\/de\/Artikel\/mini-pyramide-des-tropiques\/","title":{"rendered":"Mini pyramide des Tropiques"},"content":{"rendered":"<p>10 der besten Schokoladen der Welt in 5g Tabletten (Papouasie, Indon\u00e9sie, Sao Tom\u00e9, Trinidad, V\u00e9n\u00e9zuela, Tanzanie, Ghana, Madagascar, Colombie, Equateur)<\/p>\n","protected":false},"excerpt":{"rendered":"<p>10 T\u00e4felchen Grands Crus Schokolad<\/p>\n","protected":false},"featured_media":20219,"comment_status":"open","ping_status":"closed","template":"","meta":{"_acf_changed":false},"product_brand":[],"product_cat":[613,610],"product_tag":[],"class_list":{"0":"post-20217","1":"product","2":"type-product","3":"status-publish","4":"has-post-thumbnail","6":"region-rhone-de","7":"brand-francois-pralus-de","8":"product_cat-schokolade","9":"product_cat-suessigkeiten","11":"first","12":"outofstock","13":"purchasable","14":"product-type-simple"},"acf":[],"_links":{"self":[{"href":"https:\/\/www.finefrance.ch\/de\/wp-json\/wp\/v2\/product\/20217","targetHints":{"allow":["GET"]}}],"collection":[{"href":"https:\/\/www.finefrance.ch\/de\/wp-json\/wp\/v2\/product"}],"about":[{"href":"https:\/\/www.finefrance.ch\/de\/wp-json\/wp\/v2\/types\/product"}],"replies":[{"embeddable":true,"href":"https:\/\/www.finefrance.ch\/de\/wp-json\/wp\/v2\/comments?post=20217"}],"wp:featuredmedia":[{"embeddable":true,"href":"https:\/\/www.finefrance.ch\/de\/wp-json\/wp\/v2\/media\/20219"}],"wp:attachment":[{"href":"https:\/\/www.finefrance.ch\/de\/wp-json\/wp\/v2\/media?parent=20217"}],"wp:term":[{"taxonomy":"product_brand","embeddable":true,"href":"https:\/\/www.finefrance.ch\/de\/wp-json\/wp\/v2\/product_brand?post=20217"},{"taxonomy":"product_cat","embeddable":true,"href":"https:\/\/www.finefrance.ch\/de\/wp-json\/wp\/v2\/product_cat?post=20217"},{"taxonomy":"product_tag","embeddable":true,"href":"https:\/\/www.finefrance.ch\/de\/wp-json\/wp\/v2\/product_tag?post=20217"}],"curies":[{"name":"wp","href":"https:\/\/api.w.org\/{rel}","templated":true}]}}