{"id":20430,"date":"2015-11-19T12:54:43","date_gmt":"2015-11-19T10:54:43","guid":{"rendered":"https:\/\/www.finefrance.ch\/product\/sardinen-ohne-graeten-in-olivenoel-un-zitrone\/"},"modified":"2025-06-28T09:28:21","modified_gmt":"2025-06-28T07:28:21","slug":"sardinen-ohne-graeten-mit-zitrone","status":"publish","type":"product","link":"https:\/\/www.finefrance.ch\/de\/Artikel\/sardinen-ohne-graeten-mit-zitrone\/","title":{"rendered":"Sardinen ohne Gr\u00e4ten, mit Zitrone"},"content":{"rendered":"<p>Sardinen ohne Gr\u00e4ten, in extra natives Oliven\u00f6l und Zitrone eingelegen<\/p>\n","protected":false},"excerpt":{"rendered":"<p>Sardinen ohne Gr\u00e4ten, in extra natives Oliven\u00f6l und Zitrone eingelegen<\/p>\n","protected":false},"featured_media":20423,"comment_status":"open","ping_status":"closed","template":"","meta":{"_acf_changed":false},"product_brand":[],"product_cat":[601,603],"product_tag":[],"class_list":{"0":"post-20430","1":"product","2":"type-product","3":"status-publish","4":"has-post-thumbnail","6":"region-bretagne-de","7":"brand-belleiloise-de","8":"product_cat-fischkonzerven-aus-der-bretagne","9":"product_cat-sardinen","11":"first","12":"instock","13":"purchasable","14":"product-type-simple"},"acf":[],"_links":{"self":[{"href":"https:\/\/www.finefrance.ch\/de\/wp-json\/wp\/v2\/product\/20430","targetHints":{"allow":["GET"]}}],"collection":[{"href":"https:\/\/www.finefrance.ch\/de\/wp-json\/wp\/v2\/product"}],"about":[{"href":"https:\/\/www.finefrance.ch\/de\/wp-json\/wp\/v2\/types\/product"}],"replies":[{"embeddable":true,"href":"https:\/\/www.finefrance.ch\/de\/wp-json\/wp\/v2\/comments?post=20430"}],"wp:featuredmedia":[{"embeddable":true,"href":"https:\/\/www.finefrance.ch\/de\/wp-json\/wp\/v2\/media\/20423"}],"wp:attachment":[{"href":"https:\/\/www.finefrance.ch\/de\/wp-json\/wp\/v2\/media?parent=20430"}],"wp:term":[{"taxonomy":"product_brand","embeddable":true,"href":"https:\/\/www.finefrance.ch\/de\/wp-json\/wp\/v2\/product_brand?post=20430"},{"taxonomy":"product_cat","embeddable":true,"href":"https:\/\/www.finefrance.ch\/de\/wp-json\/wp\/v2\/product_cat?post=20430"},{"taxonomy":"product_tag","embeddable":true,"href":"https:\/\/www.finefrance.ch\/de\/wp-json\/wp\/v2\/product_tag?post=20430"}],"curies":[{"name":"wp","href":"https:\/\/api.w.org\/{rel}","templated":true}]}}