{"id":20439,"date":"2015-11-19T11:23:35","date_gmt":"2015-11-19T09:23:35","guid":{"rendered":"https:\/\/www.finefrance.ch\/product\/thunfischstuecke-marie-galante\/"},"modified":"2024-12-23T23:03:33","modified_gmt":"2024-12-23T21:03:33","slug":"thunfischstuecke-marie-galante","status":"publish","type":"product","link":"https:\/\/www.finefrance.ch\/de\/Artikel\/thunfischstuecke-marie-galante\/","title":{"rendered":"Thunfischst\u00fccke, Marie-Galante"},"content":{"rendered":"<p>Thunfischst\u00fccke mit Coco, Limone, Rosinen und Gew\u00fcrze, in Oliven\u00f6l<\/p>\n","protected":false},"excerpt":{"rendered":"<p>Thunfischst\u00fccke mit Coco, Limone, Rosinen und Gew\u00fcrze, in Oliven\u00f6l<\/p>\n","protected":false},"featured_media":20440,"comment_status":"open","ping_status":"closed","template":"","meta":{"_acf_changed":false},"product_brand":[],"product_cat":[601,604],"product_tag":[],"class_list":{"0":"post-20439","1":"product","2":"type-product","3":"status-publish","4":"has-post-thumbnail","6":"region-bretagne-de","7":"brand-belleiloise-de","8":"product_cat-fischkonzerven-aus-der-bretagne","9":"product_cat-thunfisch","11":"first","12":"instock","13":"purchasable","14":"product-type-simple"},"acf":[],"_links":{"self":[{"href":"https:\/\/www.finefrance.ch\/de\/wp-json\/wp\/v2\/product\/20439","targetHints":{"allow":["GET"]}}],"collection":[{"href":"https:\/\/www.finefrance.ch\/de\/wp-json\/wp\/v2\/product"}],"about":[{"href":"https:\/\/www.finefrance.ch\/de\/wp-json\/wp\/v2\/types\/product"}],"replies":[{"embeddable":true,"href":"https:\/\/www.finefrance.ch\/de\/wp-json\/wp\/v2\/comments?post=20439"}],"wp:featuredmedia":[{"embeddable":true,"href":"https:\/\/www.finefrance.ch\/de\/wp-json\/wp\/v2\/media\/20440"}],"wp:attachment":[{"href":"https:\/\/www.finefrance.ch\/de\/wp-json\/wp\/v2\/media?parent=20439"}],"wp:term":[{"taxonomy":"product_brand","embeddable":true,"href":"https:\/\/www.finefrance.ch\/de\/wp-json\/wp\/v2\/product_brand?post=20439"},{"taxonomy":"product_cat","embeddable":true,"href":"https:\/\/www.finefrance.ch\/de\/wp-json\/wp\/v2\/product_cat?post=20439"},{"taxonomy":"product_tag","embeddable":true,"href":"https:\/\/www.finefrance.ch\/de\/wp-json\/wp\/v2\/product_tag?post=20439"}],"curies":[{"name":"wp","href":"https:\/\/api.w.org\/{rel}","templated":true}]}}