{"id":21092,"date":"2018-10-08T15:13:57","date_gmt":"2018-10-08T13:13:57","guid":{"rendered":"https:\/\/www.finefrance.ch\/product\/lavendelhonig\/"},"modified":"2024-12-14T16:04:49","modified_gmt":"2024-12-14T14:04:49","slug":"lavendelhonig","status":"publish","type":"product","link":"https:\/\/www.finefrance.ch\/de\/Artikel\/lavendelhonig\/","title":{"rendered":"Lavendelhonig"},"content":{"rendered":"<p>Martine-Honig ist dank des QR-Codes, der auf jedem Glas angebracht ist und seine Herkunft und Echtheit best\u00e4tigt, vollst\u00e4ndig r\u00fcckverfolgbar.<\/p>\n","protected":false},"excerpt":{"rendered":"<p>Lavendelhonig, hergestellt in Valensole<\/p>\n","protected":false},"featured_media":24476,"comment_status":"open","ping_status":"closed","template":"","meta":{"_acf_changed":false},"product_brand":[],"product_cat":[763,605],"product_tag":[],"class_list":{"0":"post-21092","1":"product","2":"type-product","3":"status-publish","4":"has-post-thumbnail","6":"region-provence-de","7":"brand-miel-martine-de","8":"product_cat-honig","9":"product_cat-suesses","11":"first","12":"instock","13":"purchasable","14":"product-type-simple"},"acf":[],"_links":{"self":[{"href":"https:\/\/www.finefrance.ch\/de\/wp-json\/wp\/v2\/product\/21092","targetHints":{"allow":["GET"]}}],"collection":[{"href":"https:\/\/www.finefrance.ch\/de\/wp-json\/wp\/v2\/product"}],"about":[{"href":"https:\/\/www.finefrance.ch\/de\/wp-json\/wp\/v2\/types\/product"}],"replies":[{"embeddable":true,"href":"https:\/\/www.finefrance.ch\/de\/wp-json\/wp\/v2\/comments?post=21092"}],"wp:featuredmedia":[{"embeddable":true,"href":"https:\/\/www.finefrance.ch\/de\/wp-json\/wp\/v2\/media\/24476"}],"wp:attachment":[{"href":"https:\/\/www.finefrance.ch\/de\/wp-json\/wp\/v2\/media?parent=21092"}],"wp:term":[{"taxonomy":"product_brand","embeddable":true,"href":"https:\/\/www.finefrance.ch\/de\/wp-json\/wp\/v2\/product_brand?post=21092"},{"taxonomy":"product_cat","embeddable":true,"href":"https:\/\/www.finefrance.ch\/de\/wp-json\/wp\/v2\/product_cat?post=21092"},{"taxonomy":"product_tag","embeddable":true,"href":"https:\/\/www.finefrance.ch\/de\/wp-json\/wp\/v2\/product_tag?post=21092"}],"curies":[{"name":"wp","href":"https:\/\/api.w.org\/{rel}","templated":true}]}}