{"id":21243,"date":"2018-10-25T09:42:24","date_gmt":"2018-10-25T07:42:24","guid":{"rendered":"https:\/\/www.finefrance.ch\/de\/produit\/koerpermilch-kirschenblueten\/"},"modified":"2022-07-26T00:01:04","modified_gmt":"2022-07-25T22:01:04","slug":"koerpermilch-kirschenblueten","status":"publish","type":"product","link":"https:\/\/www.finefrance.ch\/de\/Artikel\/koerpermilch-kirschenblueten\/","title":{"rendered":"K\u00f6rpermilch &#8211; Kirschenbl\u00fcten"},"content":{"rendered":"<p>Ce lait corporel Fleur de Cerisier, enrichi au lait d&#8217;\u00e2nesse bio, est d\u00e9licatement parfum\u00e9 et nourrit, adoucit et r\u00e9g\u00e9n\u00e8re la peau.<br \/>\nIl est formul\u00e9 sans silicone, sans parab\u00e8ne et sans EDTA.<\/p>\n<p>La Maison du Savon de Marseille se situe dans la tradition de la savonnerie proven\u00e7ale.  Elle utilise les senteurs issues de la ville Grasse pour parfumer ses produits d\u2019hygi\u00e8ne et de bien-\u00eatre, con\u00e7us sans graisse animale, sans parab\u00e8ne, sans silicone et non test\u00e9s sur les animaux.<\/p>\n","protected":false},"excerpt":{"rendered":"<p>K\u00f6rpermilch &#8211; Kirschenbl\u00fcten und bio Eselmilch<\/p>\n","protected":false},"featured_media":21013,"comment_status":"open","ping_status":"closed","template":"","meta":{"_acf_changed":false},"product_brand":[],"product_cat":[616,622],"product_tag":[],"class_list":{"0":"post-21243","1":"product","2":"type-product","3":"status-publish","4":"has-post-thumbnail","6":"region-provence-de","7":"label-02-bio-de","8":"brand-marseille-de","9":"product_cat-wellness-de","10":"product_cat-koerpemilch","12":"first","13":"outofstock","14":"purchasable","15":"product-type-simple"},"acf":[],"_links":{"self":[{"href":"https:\/\/www.finefrance.ch\/de\/wp-json\/wp\/v2\/product\/21243","targetHints":{"allow":["GET"]}}],"collection":[{"href":"https:\/\/www.finefrance.ch\/de\/wp-json\/wp\/v2\/product"}],"about":[{"href":"https:\/\/www.finefrance.ch\/de\/wp-json\/wp\/v2\/types\/product"}],"replies":[{"embeddable":true,"href":"https:\/\/www.finefrance.ch\/de\/wp-json\/wp\/v2\/comments?post=21243"}],"wp:featuredmedia":[{"embeddable":true,"href":"https:\/\/www.finefrance.ch\/de\/wp-json\/wp\/v2\/media\/21013"}],"wp:attachment":[{"href":"https:\/\/www.finefrance.ch\/de\/wp-json\/wp\/v2\/media?parent=21243"}],"wp:term":[{"taxonomy":"product_brand","embeddable":true,"href":"https:\/\/www.finefrance.ch\/de\/wp-json\/wp\/v2\/product_brand?post=21243"},{"taxonomy":"product_cat","embeddable":true,"href":"https:\/\/www.finefrance.ch\/de\/wp-json\/wp\/v2\/product_cat?post=21243"},{"taxonomy":"product_tag","embeddable":true,"href":"https:\/\/www.finefrance.ch\/de\/wp-json\/wp\/v2\/product_tag?post=21243"}],"curies":[{"name":"wp","href":"https:\/\/api.w.org\/{rel}","templated":true}]}}