{"id":21443,"date":"2018-12-05T16:21:19","date_gmt":"2018-12-05T14:21:19","guid":{"rendered":"https:\/\/www.finefrance.ch\/de\/?post_type=product&#038;p=21443"},"modified":"2024-05-21T08:35:36","modified_gmt":"2024-05-21T06:35:36","slug":"sardinen-rillettes-2","status":"publish","type":"product","link":"https:\/\/www.finefrance.ch\/de\/Artikel\/sardinen-rillettes-2\/","title":{"rendered":"Sardinen Rillettes"},"content":{"rendered":"<p>Les rillettes de sardine sont pr\u00e9par\u00e9es de fa\u00e7on artisanale avec des sardines p\u00each\u00e9es en Atlantique nord-est et achet\u00e9es \u00e0 la cri\u00e9e de St Gu\u00e9nol\u00e9.<\/p>\n<p>Toutes les rillettes de la conserverie Algoplus, \u00e0 Roscoff, sont \u00e9labor\u00e9es de fa\u00e7on naturelle et artisanale par une petite \u00e9quipe de passionn\u00e9s.<\/p>\n","protected":false},"excerpt":{"rendered":"<p>Sardinen Rillettes<\/p>\n","protected":false},"featured_media":21374,"comment_status":"open","ping_status":"closed","template":"","meta":{"_acf_changed":false},"product_brand":[],"product_cat":[601,602],"product_tag":[],"class_list":{"0":"post-21443","1":"product","2":"type-product","3":"status-publish","4":"has-post-thumbnail","6":"region-bretagne-de","7":"brand-algoplus-de","8":"product_cat-fischkonzerven-aus-der-bretagne","9":"product_cat-rillette-de","11":"first","12":"instock","13":"purchasable","14":"product-type-simple"},"acf":[],"_links":{"self":[{"href":"https:\/\/www.finefrance.ch\/de\/wp-json\/wp\/v2\/product\/21443","targetHints":{"allow":["GET"]}}],"collection":[{"href":"https:\/\/www.finefrance.ch\/de\/wp-json\/wp\/v2\/product"}],"about":[{"href":"https:\/\/www.finefrance.ch\/de\/wp-json\/wp\/v2\/types\/product"}],"replies":[{"embeddable":true,"href":"https:\/\/www.finefrance.ch\/de\/wp-json\/wp\/v2\/comments?post=21443"}],"wp:featuredmedia":[{"embeddable":true,"href":"https:\/\/www.finefrance.ch\/de\/wp-json\/wp\/v2\/media\/21374"}],"wp:attachment":[{"href":"https:\/\/www.finefrance.ch\/de\/wp-json\/wp\/v2\/media?parent=21443"}],"wp:term":[{"taxonomy":"product_brand","embeddable":true,"href":"https:\/\/www.finefrance.ch\/de\/wp-json\/wp\/v2\/product_brand?post=21443"},{"taxonomy":"product_cat","embeddable":true,"href":"https:\/\/www.finefrance.ch\/de\/wp-json\/wp\/v2\/product_cat?post=21443"},{"taxonomy":"product_tag","embeddable":true,"href":"https:\/\/www.finefrance.ch\/de\/wp-json\/wp\/v2\/product_tag?post=21443"}],"curies":[{"name":"wp","href":"https:\/\/api.w.org\/{rel}","templated":true}]}}