{"id":22014,"date":"2019-09-17T16:28:19","date_gmt":"2019-09-17T14:28:19","guid":{"rendered":"https:\/\/www.finefrance.ch\/produit\/rillettes-de-poularde-a-la-truffe\/"},"modified":"2024-08-15T16:15:15","modified_gmt":"2024-08-15T14:15:15","slug":"rillettes-de-poularde-a-la-truffe","status":"publish","type":"product","link":"https:\/\/www.finefrance.ch\/de\/Artikel\/rillettes-de-poularde-a-la-truffe\/","title":{"rendered":"Rillettes de poularde \u00e0 la truffe"},"content":{"rendered":"<p>Cette recette d\u2019exception associe la chair d\u00e9licate de poularde \u00e0 la truffe.<br \/>\nLa viande (cuisses et filets) est confite avec la graisse abdominale de poularde \u00e9lev\u00e9e en plein air puis, agr\u00e9ment\u00e9e de truffe noire.<\/p>\n","protected":false},"excerpt":{"rendered":"<p>Rillettes de poularde \u00e0 la truffe noire<\/p>\n","protected":false},"featured_media":27100,"comment_status":"open","ping_status":"closed","template":"","meta":{"_acf_changed":false},"product_brand":[],"product_cat":[589,592,591],"product_tag":[],"class_list":{"0":"post-22014","1":"product","2":"type-product","3":"status-publish","4":"has-post-thumbnail","6":"region-anjou-de","7":"brand-le-comptoir-du-fougeray-de","8":"product_cat-charcuterie-de","9":"product_cat-foie-gras-und-trueffel","10":"product_cat-rillette","12":"first","13":"instock","14":"purchasable","15":"product-type-simple"},"acf":[],"_links":{"self":[{"href":"https:\/\/www.finefrance.ch\/de\/wp-json\/wp\/v2\/product\/22014","targetHints":{"allow":["GET"]}}],"collection":[{"href":"https:\/\/www.finefrance.ch\/de\/wp-json\/wp\/v2\/product"}],"about":[{"href":"https:\/\/www.finefrance.ch\/de\/wp-json\/wp\/v2\/types\/product"}],"replies":[{"embeddable":true,"href":"https:\/\/www.finefrance.ch\/de\/wp-json\/wp\/v2\/comments?post=22014"}],"wp:featuredmedia":[{"embeddable":true,"href":"https:\/\/www.finefrance.ch\/de\/wp-json\/wp\/v2\/media\/27100"}],"wp:attachment":[{"href":"https:\/\/www.finefrance.ch\/de\/wp-json\/wp\/v2\/media?parent=22014"}],"wp:term":[{"taxonomy":"product_brand","embeddable":true,"href":"https:\/\/www.finefrance.ch\/de\/wp-json\/wp\/v2\/product_brand?post=22014"},{"taxonomy":"product_cat","embeddable":true,"href":"https:\/\/www.finefrance.ch\/de\/wp-json\/wp\/v2\/product_cat?post=22014"},{"taxonomy":"product_tag","embeddable":true,"href":"https:\/\/www.finefrance.ch\/de\/wp-json\/wp\/v2\/product_tag?post=22014"}],"curies":[{"name":"wp","href":"https:\/\/api.w.org\/{rel}","templated":true}]}}