{"id":22388,"date":"2020-02-12T20:16:44","date_gmt":"2020-02-12T18:16:44","guid":{"rendered":"https:\/\/www.finefrance.ch\/produit\/creme-mains-fleur-de-cerisier\/"},"modified":"2023-05-23T00:01:31","modified_gmt":"2023-05-22T22:01:31","slug":"creme-mains-fleur-de-cerisier","status":"publish","type":"product","link":"https:\/\/www.finefrance.ch\/de\/Artikel\/creme-mains-fleur-de-cerisier\/","title":{"rendered":"Cr\u00e8me mains fleur de cerisier"},"content":{"rendered":"<p>La cr\u00e8me mains au d\u00e9licat parfum fleur de cerisier, est enrichie \u00e0 l&#8217;huile d&#8217;argan bio.<\/p>\n<p>Gr\u00e2ce aux propri\u00e9t\u00e9s anti-\u00e2ge de l&#8217;huile d&#8217;argan, la peau est r\u00e9g\u00e9n\u00e9r\u00e9e, adoucie, lisse et hydrat\u00e9e.<\/p>\n<p>La Maison du Savon de Marseille se situe dans la tradition de la savonnerie proven\u00e7ale. Elle utilise les senteurs issues de la ville Grasse pour parfumer ses produits d\u2019hygi\u00e8ne et de bien-\u00eatre, con\u00e7us sans graisse animale, sans parab\u00e8ne et non test\u00e9s sur les animaux.<\/p>\n","protected":false},"excerpt":{"rendered":"<p>Cr\u00e8me mains fleur de cerisier enrichie \u00e0 l&#8217;huile d&#8217;argan bio<\/p>\n","protected":false},"featured_media":22282,"comment_status":"open","ping_status":"closed","template":"","meta":{"_acf_changed":false},"product_brand":[],"product_cat":[621,620],"product_tag":[],"class_list":{"0":"post-22388","1":"product","2":"type-product","3":"status-publish","4":"has-post-thumbnail","6":"label-02-bio-de","7":"brand-marseille-de","8":"product_cat-handcreme","9":"product_cat-pflege","11":"first","12":"outofstock","13":"purchasable","14":"product-type-simple"},"acf":[],"_links":{"self":[{"href":"https:\/\/www.finefrance.ch\/de\/wp-json\/wp\/v2\/product\/22388","targetHints":{"allow":["GET"]}}],"collection":[{"href":"https:\/\/www.finefrance.ch\/de\/wp-json\/wp\/v2\/product"}],"about":[{"href":"https:\/\/www.finefrance.ch\/de\/wp-json\/wp\/v2\/types\/product"}],"replies":[{"embeddable":true,"href":"https:\/\/www.finefrance.ch\/de\/wp-json\/wp\/v2\/comments?post=22388"}],"wp:featuredmedia":[{"embeddable":true,"href":"https:\/\/www.finefrance.ch\/de\/wp-json\/wp\/v2\/media\/22282"}],"wp:attachment":[{"href":"https:\/\/www.finefrance.ch\/de\/wp-json\/wp\/v2\/media?parent=22388"}],"wp:term":[{"taxonomy":"product_brand","embeddable":true,"href":"https:\/\/www.finefrance.ch\/de\/wp-json\/wp\/v2\/product_brand?post=22388"},{"taxonomy":"product_cat","embeddable":true,"href":"https:\/\/www.finefrance.ch\/de\/wp-json\/wp\/v2\/product_cat?post=22388"},{"taxonomy":"product_tag","embeddable":true,"href":"https:\/\/www.finefrance.ch\/de\/wp-json\/wp\/v2\/product_tag?post=22388"}],"curies":[{"name":"wp","href":"https:\/\/api.w.org\/{rel}","templated":true}]}}