{"id":22820,"date":"2020-05-29T16:04:08","date_gmt":"2020-05-29T14:04:08","guid":{"rendered":"https:\/\/www.finefrance.ch\/produit\/sardinen-in-olivenol-und-pfeffer\/"},"modified":"2025-09-09T22:00:10","modified_gmt":"2025-09-09T20:00:10","slug":"sardinen-in-olivenol-und-pfeffer","status":"publish","type":"product","link":"https:\/\/www.finefrance.ch\/de\/Artikel\/sardinen-in-olivenol-und-pfeffer\/","title":{"rendered":"Sardinen in Oliven\u00f6l und Pfeffer"},"content":{"rendered":"<p>Diese Sardinen sind mit gr\u00fcnem Pfeffer zubereitet und mit nativem Oliven\u00f6l \u00fcberzogen.<\/p>\n","protected":false},"excerpt":{"rendered":"<p>Sardinen in extra natives Oliven\u00f6l, mi gr\u00fcnem Pfeffer<\/p>\n","protected":false},"featured_media":22818,"comment_status":"open","ping_status":"closed","template":"","meta":{"_acf_changed":false},"product_brand":[],"product_cat":[601,603],"product_tag":[],"class_list":{"0":"post-22820","1":"product","2":"type-product","3":"status-publish","4":"has-post-thumbnail","6":"region-bretagne-de","7":"brand-belleiloise-de","8":"product_cat-fischkonzerven-aus-der-bretagne","9":"product_cat-sardinen","11":"first","12":"instock","13":"purchasable","14":"product-type-simple"},"acf":[],"_links":{"self":[{"href":"https:\/\/www.finefrance.ch\/de\/wp-json\/wp\/v2\/product\/22820","targetHints":{"allow":["GET"]}}],"collection":[{"href":"https:\/\/www.finefrance.ch\/de\/wp-json\/wp\/v2\/product"}],"about":[{"href":"https:\/\/www.finefrance.ch\/de\/wp-json\/wp\/v2\/types\/product"}],"replies":[{"embeddable":true,"href":"https:\/\/www.finefrance.ch\/de\/wp-json\/wp\/v2\/comments?post=22820"}],"wp:featuredmedia":[{"embeddable":true,"href":"https:\/\/www.finefrance.ch\/de\/wp-json\/wp\/v2\/media\/22818"}],"wp:attachment":[{"href":"https:\/\/www.finefrance.ch\/de\/wp-json\/wp\/v2\/media?parent=22820"}],"wp:term":[{"taxonomy":"product_brand","embeddable":true,"href":"https:\/\/www.finefrance.ch\/de\/wp-json\/wp\/v2\/product_brand?post=22820"},{"taxonomy":"product_cat","embeddable":true,"href":"https:\/\/www.finefrance.ch\/de\/wp-json\/wp\/v2\/product_cat?post=22820"},{"taxonomy":"product_tag","embeddable":true,"href":"https:\/\/www.finefrance.ch\/de\/wp-json\/wp\/v2\/product_tag?post=22820"}],"curies":[{"name":"wp","href":"https:\/\/api.w.org\/{rel}","templated":true}]}}