{"id":23004,"date":"2020-09-24T17:03:14","date_gmt":"2020-09-24T15:03:14","guid":{"rendered":"https:\/\/www.finefrance.ch\/?post_type=product&#038;p=23004"},"modified":"2022-07-26T00:01:02","modified_gmt":"2022-07-25T22:01:02","slug":"bio-sheabutter-seife-aloe-vera","status":"publish","type":"product","link":"https:\/\/www.finefrance.ch\/de\/Artikel\/bio-sheabutter-seife-aloe-vera\/","title":{"rendered":"Bio Sheabutter Seife &#8211; Aloe Vera"},"content":{"rendered":"<p>Diese mit Sheabutter angereicherte Bio-Seife, zart parf\u00fcmiert mit Aloe Vera, ist perfekt f\u00fcr alle Hauttypen. Es pflegt, sch\u00fctzt und hydratisiert Ihre Haut dank seiner 100% pflanzlichen Zusammensetzung, die reich an Vitamin A, D, E und F ist.<\/p>\n<p>La Maison du Savon de Marseille is located in Provence and produces high quality soaps and personal care products non-tested on animals and without paraben, silicon and animal fat.<\/p>\n","protected":false},"excerpt":{"rendered":"<p>Bio Shea Butter Seife, Aloe Vera Duft<\/p>\n","protected":false},"featured_media":23001,"comment_status":"open","ping_status":"closed","template":"","meta":{"_acf_changed":false},"product_brand":[],"product_cat":[619,616],"product_tag":[],"class_list":{"0":"post-23004","1":"product","2":"type-product","3":"status-publish","4":"has-post-thumbnail","6":"region-provence-de","7":"label-02-bio-de","8":"brand-marseille-de","9":"product_cat-seife","10":"product_cat-wellness-de","12":"first","13":"instock","14":"purchasable","15":"product-type-simple"},"acf":[],"_links":{"self":[{"href":"https:\/\/www.finefrance.ch\/de\/wp-json\/wp\/v2\/product\/23004","targetHints":{"allow":["GET"]}}],"collection":[{"href":"https:\/\/www.finefrance.ch\/de\/wp-json\/wp\/v2\/product"}],"about":[{"href":"https:\/\/www.finefrance.ch\/de\/wp-json\/wp\/v2\/types\/product"}],"replies":[{"embeddable":true,"href":"https:\/\/www.finefrance.ch\/de\/wp-json\/wp\/v2\/comments?post=23004"}],"wp:featuredmedia":[{"embeddable":true,"href":"https:\/\/www.finefrance.ch\/de\/wp-json\/wp\/v2\/media\/23001"}],"wp:attachment":[{"href":"https:\/\/www.finefrance.ch\/de\/wp-json\/wp\/v2\/media?parent=23004"}],"wp:term":[{"taxonomy":"product_brand","embeddable":true,"href":"https:\/\/www.finefrance.ch\/de\/wp-json\/wp\/v2\/product_brand?post=23004"},{"taxonomy":"product_cat","embeddable":true,"href":"https:\/\/www.finefrance.ch\/de\/wp-json\/wp\/v2\/product_cat?post=23004"},{"taxonomy":"product_tag","embeddable":true,"href":"https:\/\/www.finefrance.ch\/de\/wp-json\/wp\/v2\/product_tag?post=23004"}],"curies":[{"name":"wp","href":"https:\/\/api.w.org\/{rel}","templated":true}]}}