{"id":23011,"date":"2020-09-24T16:18:54","date_gmt":"2020-09-24T14:18:54","guid":{"rendered":"https:\/\/www.finefrance.ch\/?post_type=product&#038;p=23011"},"modified":"2023-03-02T19:57:53","modified_gmt":"2023-03-02T17:57:53","slug":"bio-shea-butter-seife-gleissblatt","status":"publish","type":"product","link":"https:\/\/www.finefrance.ch\/de\/Artikel\/bio-shea-butter-seife-gleissblatt\/","title":{"rendered":"Bio Shea Butter Seife &#8211; Gleissblatt"},"content":{"rendered":"<p>Diese mit Sheabutter angereicherte Bio-Seife mit einem zarten Gei\u00dfblattduft ist perfekt f\u00fcr alle Hauttypen. Es pflegt, sch\u00fctzt und hydratisiert Ihre Haut dank seiner 100% pflanzlichen Zusammensetzung, die reich an Vitamin A, D, E und F ist.<\/p>\n","protected":false},"excerpt":{"rendered":"<p>Bio Shea Butter Seife, Gleissblatt Duft<\/p>\n","protected":false},"featured_media":23027,"comment_status":"open","ping_status":"closed","template":"","meta":{"_acf_changed":false},"product_brand":[],"product_cat":[619,616],"product_tag":[],"class_list":{"0":"post-23011","1":"product","2":"type-product","3":"status-publish","4":"has-post-thumbnail","6":"region-provence-de","7":"label-02-bio-de","8":"brand-marseille-de","9":"product_cat-seife","10":"product_cat-wellness-de","12":"first","13":"instock","14":"purchasable","15":"product-type-simple"},"acf":[],"_links":{"self":[{"href":"https:\/\/www.finefrance.ch\/de\/wp-json\/wp\/v2\/product\/23011","targetHints":{"allow":["GET"]}}],"collection":[{"href":"https:\/\/www.finefrance.ch\/de\/wp-json\/wp\/v2\/product"}],"about":[{"href":"https:\/\/www.finefrance.ch\/de\/wp-json\/wp\/v2\/types\/product"}],"replies":[{"embeddable":true,"href":"https:\/\/www.finefrance.ch\/de\/wp-json\/wp\/v2\/comments?post=23011"}],"wp:featuredmedia":[{"embeddable":true,"href":"https:\/\/www.finefrance.ch\/de\/wp-json\/wp\/v2\/media\/23027"}],"wp:attachment":[{"href":"https:\/\/www.finefrance.ch\/de\/wp-json\/wp\/v2\/media?parent=23011"}],"wp:term":[{"taxonomy":"product_brand","embeddable":true,"href":"https:\/\/www.finefrance.ch\/de\/wp-json\/wp\/v2\/product_brand?post=23011"},{"taxonomy":"product_cat","embeddable":true,"href":"https:\/\/www.finefrance.ch\/de\/wp-json\/wp\/v2\/product_cat?post=23011"},{"taxonomy":"product_tag","embeddable":true,"href":"https:\/\/www.finefrance.ch\/de\/wp-json\/wp\/v2\/product_tag?post=23011"}],"curies":[{"name":"wp","href":"https:\/\/api.w.org\/{rel}","templated":true}]}}