{"id":23674,"date":"2021-02-11T11:54:08","date_gmt":"2021-02-11T09:54:08","guid":{"rendered":"https:\/\/www.finefrance.ch\/?post_type=product&#038;p=23674"},"modified":"2025-06-01T18:08:21","modified_gmt":"2025-06-01T16:08:21","slug":"sardinen-mit-zweifach-chili","status":"publish","type":"product","link":"https:\/\/www.finefrance.ch\/de\/Artikel\/sardinen-mit-zweifach-chili\/","title":{"rendered":"Sardinen mit zweifach Chili"},"content":{"rendered":"<p>Diese Sardinenkonserve mit rotem und gr\u00fcnem Chili und einer fruchtige Zitronennote ist mit extra natives Oliven\u00f6l \u00fcberzogen.<\/p>\n","protected":false},"excerpt":{"rendered":"<p>Sardinen mit zweifach Chili und Zitrone<\/p>\n","protected":false},"featured_media":23635,"comment_status":"open","ping_status":"closed","template":"","meta":{"_acf_changed":false},"product_brand":[],"product_cat":[601,603],"product_tag":[],"class_list":{"0":"post-23674","1":"product","2":"type-product","3":"status-publish","4":"has-post-thumbnail","6":"region-bretagne-de","7":"brand-belleiloise-de","8":"product_cat-fischkonzerven-aus-der-bretagne","9":"product_cat-sardinen","11":"first","12":"instock","13":"purchasable","14":"product-type-simple"},"acf":[],"_links":{"self":[{"href":"https:\/\/www.finefrance.ch\/de\/wp-json\/wp\/v2\/product\/23674","targetHints":{"allow":["GET"]}}],"collection":[{"href":"https:\/\/www.finefrance.ch\/de\/wp-json\/wp\/v2\/product"}],"about":[{"href":"https:\/\/www.finefrance.ch\/de\/wp-json\/wp\/v2\/types\/product"}],"replies":[{"embeddable":true,"href":"https:\/\/www.finefrance.ch\/de\/wp-json\/wp\/v2\/comments?post=23674"}],"wp:featuredmedia":[{"embeddable":true,"href":"https:\/\/www.finefrance.ch\/de\/wp-json\/wp\/v2\/media\/23635"}],"wp:attachment":[{"href":"https:\/\/www.finefrance.ch\/de\/wp-json\/wp\/v2\/media?parent=23674"}],"wp:term":[{"taxonomy":"product_brand","embeddable":true,"href":"https:\/\/www.finefrance.ch\/de\/wp-json\/wp\/v2\/product_brand?post=23674"},{"taxonomy":"product_cat","embeddable":true,"href":"https:\/\/www.finefrance.ch\/de\/wp-json\/wp\/v2\/product_cat?post=23674"},{"taxonomy":"product_tag","embeddable":true,"href":"https:\/\/www.finefrance.ch\/de\/wp-json\/wp\/v2\/product_tag?post=23674"}],"curies":[{"name":"wp","href":"https:\/\/api.w.org\/{rel}","templated":true}]}}