{"id":24727,"date":"2021-11-18T11:45:53","date_gmt":"2021-11-18T09:45:53","guid":{"rendered":"https:\/\/www.finefrance.ch\/produit\/coffret-bonnes-fetes-2\/"},"modified":"2025-10-01T11:38:36","modified_gmt":"2025-10-01T09:38:36","slug":"coffret-bonnes-fetes-2","status":"publish","type":"product","link":"https:\/\/www.finefrance.ch\/de\/Artikel\/coffret-bonnes-fetes-2\/","title":{"rendered":"Coffret For\u00eat enchant\u00e9e"},"content":{"rendered":"<p>Cet \u00e9l\u00e9gant coffret cadeau sp\u00e9cial F\u00eates au d\u00e9cor rouge, vert et or, contient :<\/p>\n<p>&#8211; Rillettes de poularde au foie gras<br \/>\n&#8211; Rillettes de St Jacques<br \/>\n&#8211; Vinaigre \u00e0 la pulpe de mangue<br \/>\n&#8211; Tartinable de patate douce au gingembre et poivre sauvage<br \/>\n&#8211; Confiture de myrtilles sauvages<\/p>\n<p>Coffret cartonn\u00e9 de diam\u00e8tre 25.5 cm<\/p>\n","protected":false},"excerpt":{"rendered":"<p>Coffret cadeau For\u00eat enchant\u00e9e<\/p>\n","protected":false},"featured_media":27124,"comment_status":"closed","ping_status":"closed","template":"","meta":{"_acf_changed":false},"product_brand":[],"product_cat":[587],"product_tag":[],"class_list":{"0":"post-24727","1":"product","2":"type-product","3":"status-publish","4":"has-post-thumbnail","6":"product_cat-gourmet-geschenke","8":"first","9":"instock","10":"purchasable","11":"product-type-simple"},"acf":[],"_links":{"self":[{"href":"https:\/\/www.finefrance.ch\/de\/wp-json\/wp\/v2\/product\/24727","targetHints":{"allow":["GET"]}}],"collection":[{"href":"https:\/\/www.finefrance.ch\/de\/wp-json\/wp\/v2\/product"}],"about":[{"href":"https:\/\/www.finefrance.ch\/de\/wp-json\/wp\/v2\/types\/product"}],"replies":[{"embeddable":true,"href":"https:\/\/www.finefrance.ch\/de\/wp-json\/wp\/v2\/comments?post=24727"}],"wp:featuredmedia":[{"embeddable":true,"href":"https:\/\/www.finefrance.ch\/de\/wp-json\/wp\/v2\/media\/27124"}],"wp:attachment":[{"href":"https:\/\/www.finefrance.ch\/de\/wp-json\/wp\/v2\/media?parent=24727"}],"wp:term":[{"taxonomy":"product_brand","embeddable":true,"href":"https:\/\/www.finefrance.ch\/de\/wp-json\/wp\/v2\/product_brand?post=24727"},{"taxonomy":"product_cat","embeddable":true,"href":"https:\/\/www.finefrance.ch\/de\/wp-json\/wp\/v2\/product_cat?post=24727"},{"taxonomy":"product_tag","embeddable":true,"href":"https:\/\/www.finefrance.ch\/de\/wp-json\/wp\/v2\/product_tag?post=24727"}],"curies":[{"name":"wp","href":"https:\/\/api.w.org\/{rel}","templated":true}]}}