{"id":25486,"date":"2022-10-04T15:12:09","date_gmt":"2022-10-04T13:12:09","guid":{"rendered":"https:\/\/www.finefrance.ch\/produit\/kastaniencreme\/"},"modified":"2024-11-04T20:52:24","modified_gmt":"2024-11-04T18:52:24","slug":"kastaniencreme","status":"publish","type":"product","link":"https:\/\/www.finefrance.ch\/de\/Artikel\/kastaniencreme\/","title":{"rendered":"Kastaniencreme"},"content":{"rendered":"<p>Eine besonders feine und geschmeidige Kastaniencreme, hergestellt aus frischen Kastanien aus der Ard\u00e8che.<\/p>\n<p>Die von Maison Imbert kreierten Produkte sind dank der strengen Auswahl der Fr\u00fcchte und der gro\u00dfen Sorgfalt bei ihrer Zubereitung von au\u00dfergew\u00f6hnlicher Finesse.<\/p>\n","protected":false},"excerpt":{"rendered":"<p>Kastaniencreme<\/p>\n","protected":false},"featured_media":25479,"comment_status":"closed","ping_status":"closed","template":"","meta":{"_acf_changed":false},"product_brand":[],"product_cat":[846],"product_tag":[],"class_list":{"0":"post-25486","1":"product","2":"type-product","3":"status-publish","4":"has-post-thumbnail","6":"region-rhone-de","7":"brand-marrons-imbert-de","8":"product_cat-kastaniencreme","10":"first","11":"outofstock","12":"purchasable","13":"product-type-simple"},"acf":[],"_links":{"self":[{"href":"https:\/\/www.finefrance.ch\/de\/wp-json\/wp\/v2\/product\/25486","targetHints":{"allow":["GET"]}}],"collection":[{"href":"https:\/\/www.finefrance.ch\/de\/wp-json\/wp\/v2\/product"}],"about":[{"href":"https:\/\/www.finefrance.ch\/de\/wp-json\/wp\/v2\/types\/product"}],"replies":[{"embeddable":true,"href":"https:\/\/www.finefrance.ch\/de\/wp-json\/wp\/v2\/comments?post=25486"}],"wp:featuredmedia":[{"embeddable":true,"href":"https:\/\/www.finefrance.ch\/de\/wp-json\/wp\/v2\/media\/25479"}],"wp:attachment":[{"href":"https:\/\/www.finefrance.ch\/de\/wp-json\/wp\/v2\/media?parent=25486"}],"wp:term":[{"taxonomy":"product_brand","embeddable":true,"href":"https:\/\/www.finefrance.ch\/de\/wp-json\/wp\/v2\/product_brand?post=25486"},{"taxonomy":"product_cat","embeddable":true,"href":"https:\/\/www.finefrance.ch\/de\/wp-json\/wp\/v2\/product_cat?post=25486"},{"taxonomy":"product_tag","embeddable":true,"href":"https:\/\/www.finefrance.ch\/de\/wp-json\/wp\/v2\/product_tag?post=25486"}],"curies":[{"name":"wp","href":"https:\/\/api.w.org\/{rel}","templated":true}]}}