{"id":25789,"date":"2022-02-24T11:13:10","date_gmt":"2022-02-24T09:13:10","guid":{"rendered":"https:\/\/www.finefrance.ch\/produit\/eselsmichseife-monoi\/"},"modified":"2026-01-02T19:40:00","modified_gmt":"2026-01-02T17:40:00","slug":"eselsmichseife-monoi","status":"publish","type":"product","link":"https:\/\/www.finefrance.ch\/de\/Artikel\/eselsmichseife-monoi\/","title":{"rendered":"Eselsmichseife Mono\u00ef"},"content":{"rendered":"<p>Un savon enrichi au lait d\u2019\u00e2nesse bio, parfum mono\u00ef.<\/p>\n<p>Onctueux et d\u00e9licatement parfum\u00e9 ce savon apporte douceur et hydratation \u00e0 la peau gr\u00e2ce au lait d\u2019\u00e2nesse bio, riche en acides gras et en min\u00e9raux provenant d\u2019une asinerie situ\u00e9e dans l&#8217;Ouest de la Fance.<\/p>\n<p>La Maison du Savon de Marseille se situe dans la tradition de la savonnerie proven\u00e7ale.  Elle utilise les senteurs issues de la ville Grasse pour parfumer ses produits d\u2019hygi\u00e8ne et de bien-\u00eatre, con\u00e7us sans graisse animale, sans parab\u00e8ne, sans silicone et non test\u00e9s sur les animaux.<\/p>\n","protected":false},"excerpt":{"rendered":"<p>Bio Eselsmilchseife Mono\u00ef<\/p>\n","protected":false},"featured_media":25787,"comment_status":"closed","ping_status":"closed","template":"","meta":{"_acf_changed":false},"product_brand":[],"product_cat":[619,616],"product_tag":[],"class_list":{"0":"post-25789","1":"product","2":"type-product","3":"status-publish","4":"has-post-thumbnail","6":"region-provence-de","7":"label-02-bio-de","8":"brand-marseille-de","9":"product_cat-seife","10":"product_cat-wellness-de","12":"first","13":"instock","14":"purchasable","15":"product-type-simple"},"acf":[],"_links":{"self":[{"href":"https:\/\/www.finefrance.ch\/de\/wp-json\/wp\/v2\/product\/25789","targetHints":{"allow":["GET"]}}],"collection":[{"href":"https:\/\/www.finefrance.ch\/de\/wp-json\/wp\/v2\/product"}],"about":[{"href":"https:\/\/www.finefrance.ch\/de\/wp-json\/wp\/v2\/types\/product"}],"replies":[{"embeddable":true,"href":"https:\/\/www.finefrance.ch\/de\/wp-json\/wp\/v2\/comments?post=25789"}],"wp:featuredmedia":[{"embeddable":true,"href":"https:\/\/www.finefrance.ch\/de\/wp-json\/wp\/v2\/media\/25787"}],"wp:attachment":[{"href":"https:\/\/www.finefrance.ch\/de\/wp-json\/wp\/v2\/media?parent=25789"}],"wp:term":[{"taxonomy":"product_brand","embeddable":true,"href":"https:\/\/www.finefrance.ch\/de\/wp-json\/wp\/v2\/product_brand?post=25789"},{"taxonomy":"product_cat","embeddable":true,"href":"https:\/\/www.finefrance.ch\/de\/wp-json\/wp\/v2\/product_cat?post=25789"},{"taxonomy":"product_tag","embeddable":true,"href":"https:\/\/www.finefrance.ch\/de\/wp-json\/wp\/v2\/product_tag?post=25789"}],"curies":[{"name":"wp","href":"https:\/\/api.w.org\/{rel}","templated":true}]}}