{"id":26106,"date":"2023-09-06T16:56:41","date_gmt":"2023-09-06T14:56:41","guid":{"rendered":"https:\/\/www.finefrance.ch\/produit\/3-emiettes-de-thon-bretagne-la-belle-iloise\/"},"modified":"2025-07-04T16:25:43","modified_gmt":"2025-07-04T14:25:43","slug":"3-emiettes-de-thon-bretagne-la-belle-iloise","status":"publish","type":"product","link":"https:\/\/www.finefrance.ch\/de\/Artikel\/3-emiettes-de-thon-bretagne-la-belle-iloise\/","title":{"rendered":"3 \u00e9miett\u00e9s de thon"},"content":{"rendered":"<p>Un assortiment de 3 pr\u00e9parations savoureuses d&#8217;\u00e9miett\u00e9s de thon de La Belle Iloise.<\/p>\n","protected":false},"excerpt":{"rendered":"<p>3 \u00e9miett\u00e9s de thon (Marie Galante &#8211; Luzienne &#8211; Zanzibar)<\/p>\n","protected":false},"featured_media":26103,"comment_status":"closed","ping_status":"closed","template":"","meta":{"_acf_changed":false},"product_brand":[],"product_cat":[601,604],"product_tag":[],"class_list":{"0":"post-26106","1":"product","2":"type-product","3":"status-publish","4":"has-post-thumbnail","6":"region-bretagne-de","7":"brand-belleiloise-de","8":"product_cat-fischkonzerven-aus-der-bretagne","9":"product_cat-thunfisch","11":"first","12":"outofstock","13":"purchasable","14":"product-type-simple"},"acf":[],"_links":{"self":[{"href":"https:\/\/www.finefrance.ch\/de\/wp-json\/wp\/v2\/product\/26106","targetHints":{"allow":["GET"]}}],"collection":[{"href":"https:\/\/www.finefrance.ch\/de\/wp-json\/wp\/v2\/product"}],"about":[{"href":"https:\/\/www.finefrance.ch\/de\/wp-json\/wp\/v2\/types\/product"}],"replies":[{"embeddable":true,"href":"https:\/\/www.finefrance.ch\/de\/wp-json\/wp\/v2\/comments?post=26106"}],"wp:featuredmedia":[{"embeddable":true,"href":"https:\/\/www.finefrance.ch\/de\/wp-json\/wp\/v2\/media\/26103"}],"wp:attachment":[{"href":"https:\/\/www.finefrance.ch\/de\/wp-json\/wp\/v2\/media?parent=26106"}],"wp:term":[{"taxonomy":"product_brand","embeddable":true,"href":"https:\/\/www.finefrance.ch\/de\/wp-json\/wp\/v2\/product_brand?post=26106"},{"taxonomy":"product_cat","embeddable":true,"href":"https:\/\/www.finefrance.ch\/de\/wp-json\/wp\/v2\/product_cat?post=26106"},{"taxonomy":"product_tag","embeddable":true,"href":"https:\/\/www.finefrance.ch\/de\/wp-json\/wp\/v2\/product_tag?post=26106"}],"curies":[{"name":"wp","href":"https:\/\/api.w.org\/{rel}","templated":true}]}}