{"id":26703,"date":"2024-08-15T15:01:34","date_gmt":"2024-08-15T13:01:34","guid":{"rendered":"https:\/\/www.finefrance.ch\/produit\/entenrillettes-mit-orange\/"},"modified":"2024-09-18T16:35:08","modified_gmt":"2024-09-18T14:35:08","slug":"entenrillettes-mit-orange","status":"publish","type":"product","link":"https:\/\/www.finefrance.ch\/de\/Artikel\/entenrillettes-mit-orange\/","title":{"rendered":"Moschusenten-Rillettes mit Orange"},"content":{"rendered":"<p>Enten-Rillettes zubereitet mit kandierter Orange und PfefferDiese Barbarie-Enten-Rillettes mit Orange und Wildpfeffer sind eine Kreation von Comptoir du Fougeray.<br \/>\nEin leicht s\u00fc\u00df-saures Rezept, gew\u00fcrzt mit wildem Madagaskar-Pfeffer.<br \/>\nDiese Rillettes werden auf handwerkliche Weise im Schongarverfahren zubereitet und sind schmackhaft und delikat.<br \/>\nDas Fleisch wird 15 Stunden lang mit Gu\u00e9rande-Salz und schwarzem Pfeffer konserviert. Anschlie\u00dfend wird es von Hand zerkr\u00fcmelt und mit kandierter Orange und Wildpfeffer gew\u00fcrzt.<br \/>\nKeine Zusatzstoffe oder Konservierungsstoffe.<\/p>\n","protected":false},"excerpt":{"rendered":"<p>Moschusenten-Rillettes mit kandierter Orange und Pfeffer<\/p>\n","protected":false},"featured_media":27094,"comment_status":"closed","ping_status":"closed","template":"","meta":{"_acf_changed":false},"product_brand":[],"product_cat":[589,591],"product_tag":[],"class_list":{"0":"post-26703","1":"product","2":"type-product","3":"status-publish","4":"has-post-thumbnail","6":"region-anjou-de","7":"brand-le-comptoir-du-fougeray-de","8":"product_cat-charcuterie-de","9":"product_cat-rillette","11":"first","12":"instock","13":"purchasable","14":"product-type-simple"},"acf":[],"_links":{"self":[{"href":"https:\/\/www.finefrance.ch\/de\/wp-json\/wp\/v2\/product\/26703","targetHints":{"allow":["GET"]}}],"collection":[{"href":"https:\/\/www.finefrance.ch\/de\/wp-json\/wp\/v2\/product"}],"about":[{"href":"https:\/\/www.finefrance.ch\/de\/wp-json\/wp\/v2\/types\/product"}],"replies":[{"embeddable":true,"href":"https:\/\/www.finefrance.ch\/de\/wp-json\/wp\/v2\/comments?post=26703"}],"wp:featuredmedia":[{"embeddable":true,"href":"https:\/\/www.finefrance.ch\/de\/wp-json\/wp\/v2\/media\/27094"}],"wp:attachment":[{"href":"https:\/\/www.finefrance.ch\/de\/wp-json\/wp\/v2\/media?parent=26703"}],"wp:term":[{"taxonomy":"product_brand","embeddable":true,"href":"https:\/\/www.finefrance.ch\/de\/wp-json\/wp\/v2\/product_brand?post=26703"},{"taxonomy":"product_cat","embeddable":true,"href":"https:\/\/www.finefrance.ch\/de\/wp-json\/wp\/v2\/product_cat?post=26703"},{"taxonomy":"product_tag","embeddable":true,"href":"https:\/\/www.finefrance.ch\/de\/wp-json\/wp\/v2\/product_tag?post=26703"}],"curies":[{"name":"wp","href":"https:\/\/api.w.org\/{rel}","templated":true}]}}