{"id":26811,"date":"2024-08-20T18:11:23","date_gmt":"2024-08-20T16:11:23","guid":{"rendered":"https:\/\/www.finefrance.ch\/produit\/poularde-rillettes-mit-foie-gras\/"},"modified":"2024-09-18T16:09:53","modified_gmt":"2024-09-18T14:09:53","slug":"poularde-rillettes-mit-foie-gras","status":"publish","type":"product","link":"https:\/\/www.finefrance.ch\/de\/Artikel\/poularde-rillettes-mit-foie-gras\/","title":{"rendered":"Poularde Rillettes mit Foie Gras"},"content":{"rendered":"<p>Diese Poularde H\u00e4hnchen-Rillettes werden mit edlen St\u00fccken Enten foie Gras kombiniert, nur gesalzen und gepfeffert. Das Ergebnis ist zart und schmelzend&#8230;<\/p>\n<p>Die Comptoir de Fougeray-H\u00fchner werden in Eure et Loire aufgezogen und gem\u00e4stet. Das Fleisch wird gebr\u00e4unt und dann in einem Topf etwa f\u00fcnfzehn Stunden lang nur mit Salz aus Gu\u00e9rande und Pfeffer gegart.<\/p>\n","protected":false},"excerpt":{"rendered":"<p>Poularde-H\u00e4hnchen Rillettes mit Enten Foie Gras<\/p>\n","protected":false},"featured_media":27097,"comment_status":"closed","ping_status":"closed","template":"","meta":{"_acf_changed":false},"product_brand":[],"product_cat":[589,593,591],"product_tag":[],"class_list":{"0":"post-26811","1":"product","2":"type-product","3":"status-publish","4":"has-post-thumbnail","6":"region-anjou-de","7":"brand-le-comptoir-du-fougeray-de","8":"product_cat-charcuterie-de","9":"product_cat-enten-foie-gras","10":"product_cat-rillette","12":"first","13":"instock","14":"purchasable","15":"product-type-simple"},"acf":[],"_links":{"self":[{"href":"https:\/\/www.finefrance.ch\/de\/wp-json\/wp\/v2\/product\/26811","targetHints":{"allow":["GET"]}}],"collection":[{"href":"https:\/\/www.finefrance.ch\/de\/wp-json\/wp\/v2\/product"}],"about":[{"href":"https:\/\/www.finefrance.ch\/de\/wp-json\/wp\/v2\/types\/product"}],"replies":[{"embeddable":true,"href":"https:\/\/www.finefrance.ch\/de\/wp-json\/wp\/v2\/comments?post=26811"}],"wp:featuredmedia":[{"embeddable":true,"href":"https:\/\/www.finefrance.ch\/de\/wp-json\/wp\/v2\/media\/27097"}],"wp:attachment":[{"href":"https:\/\/www.finefrance.ch\/de\/wp-json\/wp\/v2\/media?parent=26811"}],"wp:term":[{"taxonomy":"product_brand","embeddable":true,"href":"https:\/\/www.finefrance.ch\/de\/wp-json\/wp\/v2\/product_brand?post=26811"},{"taxonomy":"product_cat","embeddable":true,"href":"https:\/\/www.finefrance.ch\/de\/wp-json\/wp\/v2\/product_cat?post=26811"},{"taxonomy":"product_tag","embeddable":true,"href":"https:\/\/www.finefrance.ch\/de\/wp-json\/wp\/v2\/product_tag?post=26811"}],"curies":[{"name":"wp","href":"https:\/\/api.w.org\/{rel}","templated":true}]}}