{"id":26814,"date":"2024-09-18T16:48:56","date_gmt":"2024-09-18T14:48:56","guid":{"rendered":"https:\/\/www.finefrance.ch\/produit\/kapaun-rillettes-mit-schalotten\/"},"modified":"2024-09-18T16:48:56","modified_gmt":"2024-09-18T14:48:56","slug":"kapaun-rillettes-mit-schalotten","status":"publish","type":"product","link":"https:\/\/www.finefrance.ch\/de\/Artikel\/kapaun-rillettes-mit-schalotten\/","title":{"rendered":"Kapaun-Rillettes mit Schalotten"},"content":{"rendered":"<p>Schmelzende Kapaun-Rillettes, garniert mit kandierten Schalotten.<\/p>\n<p>F\u00fcr diese Gourmet-Zubereitung wird das Kapaunfleisch (Keulen und Filets) angebraten und dann in einem Topf etwa f\u00fcnfzehn Stunden lang nur mit Salz und Pfeffer aus Gu\u00e9rande gegart.<br \/>\nDie (franz\u00f6sischen) Schalotten werden gehackt und in Kapaunfett kandiert, bevor sie mit den Rillettes vermischt werden.<br \/>\nKeine Zusatzstoffe oder Konservierungsstoffe.<\/p>\n","protected":false},"excerpt":{"rendered":"<p>Kapaun-Rillettes mit kandierten Schalotten<\/p>\n","protected":false},"featured_media":27103,"comment_status":"closed","ping_status":"closed","template":"","meta":{"_acf_changed":false},"product_brand":[],"product_cat":[589,591],"product_tag":[],"class_list":{"0":"post-26814","1":"product","2":"type-product","3":"status-publish","4":"has-post-thumbnail","6":"region-anjou-de","7":"brand-le-comptoir-du-fougeray-de","8":"product_cat-charcuterie-de","9":"product_cat-rillette","11":"first","12":"instock","13":"purchasable","14":"product-type-simple"},"acf":[],"_links":{"self":[{"href":"https:\/\/www.finefrance.ch\/de\/wp-json\/wp\/v2\/product\/26814","targetHints":{"allow":["GET"]}}],"collection":[{"href":"https:\/\/www.finefrance.ch\/de\/wp-json\/wp\/v2\/product"}],"about":[{"href":"https:\/\/www.finefrance.ch\/de\/wp-json\/wp\/v2\/types\/product"}],"replies":[{"embeddable":true,"href":"https:\/\/www.finefrance.ch\/de\/wp-json\/wp\/v2\/comments?post=26814"}],"wp:featuredmedia":[{"embeddable":true,"href":"https:\/\/www.finefrance.ch\/de\/wp-json\/wp\/v2\/media\/27103"}],"wp:attachment":[{"href":"https:\/\/www.finefrance.ch\/de\/wp-json\/wp\/v2\/media?parent=26814"}],"wp:term":[{"taxonomy":"product_brand","embeddable":true,"href":"https:\/\/www.finefrance.ch\/de\/wp-json\/wp\/v2\/product_brand?post=26814"},{"taxonomy":"product_cat","embeddable":true,"href":"https:\/\/www.finefrance.ch\/de\/wp-json\/wp\/v2\/product_cat?post=26814"},{"taxonomy":"product_tag","embeddable":true,"href":"https:\/\/www.finefrance.ch\/de\/wp-json\/wp\/v2\/product_tag?post=26814"}],"curies":[{"name":"wp","href":"https:\/\/api.w.org\/{rel}","templated":true}]}}