{"id":26969,"date":"2025-03-23T09:37:58","date_gmt":"2025-03-23T07:37:58","guid":{"rendered":"https:\/\/www.finefrance.ch\/produit\/corbeille-gourmande\/"},"modified":"2026-04-22T09:21:07","modified_gmt":"2026-04-22T07:21:07","slug":"corbeille-gourmande","status":"publish","type":"product","link":"https:\/\/www.finefrance.ch\/de\/Artikel\/corbeille-gourmande\/","title":{"rendered":"Corbeille gourmande"},"content":{"rendered":"<p>Cette corbeille cadeau gourmande r\u00e9unit 8 sp\u00e9cialit\u00e9s r\u00e9gionales d&#8217;excellence :<br \/>\n&#8211; Rillettes de poularde \u00e0 la truffe, Le Comptoir du Fougeray<br \/>\n&#8211; Rillettes de bar sauvage, Algoplus<br \/>\n&#8211; Rillettes de volaille aux baies de Timur<br \/>\n&#8211; Vinaigre \u00e0 la pulpe de framboise, Libeluile<br \/>\n&#8211; Huile de noisette, Libeluile<br \/>\n&#8211; Mousse des sardine au Whisky, La Belle Iloise<br \/>\n&#8211; Saveurs d&#8217;artichaut, Algoplus<br \/>\n&#8211; Rillettes de lieu aux baies de Sichuan, La Belle Iloise<\/p>\n<p>Corbeille cadeau cartonn\u00e9e, d\u00e9cor Vichy rouge, verte ou jaune<\/p>\n","protected":false},"excerpt":{"rendered":"<p>Corbeille cadeau d\u00e9cor Vichy contenant 8 sp\u00e9cialit\u00e9s gourmandes<\/p>\n","protected":false},"featured_media":26966,"comment_status":"closed","ping_status":"closed","template":"","meta":{"_acf_changed":false},"product_brand":[],"product_cat":[587],"product_tag":[],"class_list":{"0":"post-26969","1":"product","2":"type-product","3":"status-publish","4":"has-post-thumbnail","6":"product_cat-gourmet-geschenke","8":"first","9":"outofstock","10":"purchasable","11":"product-type-simple"},"acf":[],"_links":{"self":[{"href":"https:\/\/www.finefrance.ch\/de\/wp-json\/wp\/v2\/product\/26969","targetHints":{"allow":["GET"]}}],"collection":[{"href":"https:\/\/www.finefrance.ch\/de\/wp-json\/wp\/v2\/product"}],"about":[{"href":"https:\/\/www.finefrance.ch\/de\/wp-json\/wp\/v2\/types\/product"}],"replies":[{"embeddable":true,"href":"https:\/\/www.finefrance.ch\/de\/wp-json\/wp\/v2\/comments?post=26969"}],"wp:featuredmedia":[{"embeddable":true,"href":"https:\/\/www.finefrance.ch\/de\/wp-json\/wp\/v2\/media\/26966"}],"wp:attachment":[{"href":"https:\/\/www.finefrance.ch\/de\/wp-json\/wp\/v2\/media?parent=26969"}],"wp:term":[{"taxonomy":"product_brand","embeddable":true,"href":"https:\/\/www.finefrance.ch\/de\/wp-json\/wp\/v2\/product_brand?post=26969"},{"taxonomy":"product_cat","embeddable":true,"href":"https:\/\/www.finefrance.ch\/de\/wp-json\/wp\/v2\/product_cat?post=26969"},{"taxonomy":"product_tag","embeddable":true,"href":"https:\/\/www.finefrance.ch\/de\/wp-json\/wp\/v2\/product_tag?post=26969"}],"curies":[{"name":"wp","href":"https:\/\/api.w.org\/{rel}","templated":true}]}}