{"id":23174,"date":"2020-11-09T12:16:06","date_gmt":"2020-11-09T10:16:06","guid":{"rendered":"https:\/\/www.finefrance.ch\/produit\/fleur-de-sel\/"},"modified":"2023-07-24T00:00:05","modified_gmt":"2023-07-23T22:00:05","slug":"fleur-de-sel","status":"publish","type":"product","link":"https:\/\/www.finefrance.ch\/en\/product\/fleur-de-sel\/","title":{"rendered":"Fleur de sel"},"content":{"rendered":"<p>Fleur de sel r\u00e9colt\u00e9e \u00e0 la main sur les marais salants de l&#8217;\u00ecle de R\u00e9.<br \/>\nOn utilise la fleur de sel directement dans l&#8217;assiette ou en l&#8217;incorporant dans les pr\u00e9parations au dernier moment.<\/p>\n","protected":false},"excerpt":{"rendered":"<p>Fleur de sel de l&#8217;Ile de R\u00e9<\/p>\n","protected":false},"featured_media":23167,"comment_status":"open","ping_status":"closed","template":"","meta":{"_acf_changed":false},"product_brand":[],"product_cat":[835,349],"product_tag":[],"class_list":{"0":"post-23174","1":"product","2":"type-product","3":"status-publish","4":"has-post-thumbnail","6":"region-bretagne-en","7":"brand-rivesaline-en","8":"product_cat-fleur-de-sel-en-2","9":"product_cat-oi-vinegar-salt-and-spices","11":"first","12":"outofstock","13":"purchasable","14":"product-type-simple"},"acf":[],"_links":{"self":[{"href":"https:\/\/www.finefrance.ch\/en\/wp-json\/wp\/v2\/product\/23174","targetHints":{"allow":["GET"]}}],"collection":[{"href":"https:\/\/www.finefrance.ch\/en\/wp-json\/wp\/v2\/product"}],"about":[{"href":"https:\/\/www.finefrance.ch\/en\/wp-json\/wp\/v2\/types\/product"}],"replies":[{"embeddable":true,"href":"https:\/\/www.finefrance.ch\/en\/wp-json\/wp\/v2\/comments?post=23174"}],"wp:featuredmedia":[{"embeddable":true,"href":"https:\/\/www.finefrance.ch\/en\/wp-json\/wp\/v2\/media\/23167"}],"wp:attachment":[{"href":"https:\/\/www.finefrance.ch\/en\/wp-json\/wp\/v2\/media?parent=23174"}],"wp:term":[{"taxonomy":"product_brand","embeddable":true,"href":"https:\/\/www.finefrance.ch\/en\/wp-json\/wp\/v2\/product_brand?post=23174"},{"taxonomy":"product_cat","embeddable":true,"href":"https:\/\/www.finefrance.ch\/en\/wp-json\/wp\/v2\/product_cat?post=23174"},{"taxonomy":"product_tag","embeddable":true,"href":"https:\/\/www.finefrance.ch\/en\/wp-json\/wp\/v2\/product_tag?post=23174"}],"curies":[{"name":"wp","href":"https:\/\/api.w.org\/{rel}","templated":true}]}}