{"id":25910,"date":"2023-04-01T14:24:04","date_gmt":"2023-04-01T12:24:04","guid":{"rendered":"https:\/\/www.finefrance.ch\/produit\/creme-de-sardine-au-whisky\/"},"modified":"2023-08-29T13:31:20","modified_gmt":"2023-08-29T11:31:20","slug":"creme-de-sardine-au-whisky","status":"publish","type":"product","link":"https:\/\/www.finefrance.ch\/en\/product\/creme-de-sardine-au-whisky\/","title":{"rendered":"Cr\u00e8me de sardine au Whisky"},"content":{"rendered":"<p>La cr\u00e8me de sardine au Whisky est un grand classique de La Belle Iloise.<br \/>\nA d\u00e9guster tout simplement sur des toasts \u00e0 l&#8217;ap\u00e9ritif.<\/p>\n","protected":false},"excerpt":{"rendered":"<p>Tartinable de sardine au Whisky<\/p>\n","protected":false},"featured_media":25908,"comment_status":"closed","ping_status":"closed","template":"","meta":{"_acf_changed":false},"product_brand":[],"product_cat":[334,317],"product_tag":[],"class_list":{"0":"post-25910","1":"product","2":"type-product","3":"status-publish","4":"has-post-thumbnail","6":"region-bretagne-en","7":"brand-belleiloise-en-2","8":"product_cat-rillettes-mer-en","9":"product_cat-sea-products","11":"first","12":"instock","13":"purchasable","14":"product-type-simple"},"acf":[],"_links":{"self":[{"href":"https:\/\/www.finefrance.ch\/en\/wp-json\/wp\/v2\/product\/25910","targetHints":{"allow":["GET"]}}],"collection":[{"href":"https:\/\/www.finefrance.ch\/en\/wp-json\/wp\/v2\/product"}],"about":[{"href":"https:\/\/www.finefrance.ch\/en\/wp-json\/wp\/v2\/types\/product"}],"replies":[{"embeddable":true,"href":"https:\/\/www.finefrance.ch\/en\/wp-json\/wp\/v2\/comments?post=25910"}],"wp:featuredmedia":[{"embeddable":true,"href":"https:\/\/www.finefrance.ch\/en\/wp-json\/wp\/v2\/media\/25908"}],"wp:attachment":[{"href":"https:\/\/www.finefrance.ch\/en\/wp-json\/wp\/v2\/media?parent=25910"}],"wp:term":[{"taxonomy":"product_brand","embeddable":true,"href":"https:\/\/www.finefrance.ch\/en\/wp-json\/wp\/v2\/product_brand?post=25910"},{"taxonomy":"product_cat","embeddable":true,"href":"https:\/\/www.finefrance.ch\/en\/wp-json\/wp\/v2\/product_cat?post=25910"},{"taxonomy":"product_tag","embeddable":true,"href":"https:\/\/www.finefrance.ch\/en\/wp-json\/wp\/v2\/product_tag?post=25910"}],"curies":[{"name":"wp","href":"https:\/\/api.w.org\/{rel}","templated":true}]}}