{"id":26096,"date":"2023-09-06T16:39:06","date_gmt":"2023-09-06T14:39:06","guid":{"rendered":"https:\/\/www.finefrance.ch\/produit\/3-tartinables-apero\/"},"modified":"2024-04-06T19:15:16","modified_gmt":"2024-04-06T17:15:16","slug":"3-tartinables-apero","status":"publish","type":"product","link":"https:\/\/www.finefrance.ch\/en\/product\/3-tartinables-apero\/","title":{"rendered":"3 tartinables ap\u00e9ro"},"content":{"rendered":"<p>Un lot de 3 tartinables ap\u00e9ro concoct\u00e9s par la Belle Iloise.<\/p>\n","protected":false},"excerpt":{"rendered":"<p>3 tartinables de la mer (Mousse de homard au Cognac, Cr\u00e8me de sardine au Whisky, Rillettes de maquereau au citron vert).<\/p>\n<p>&nbsp;<\/p>\n","protected":false},"featured_media":26093,"comment_status":"closed","ping_status":"closed","template":"","meta":{"_acf_changed":false},"product_brand":[],"product_cat":[334,317],"product_tag":[],"class_list":{"0":"post-26096","1":"product","2":"type-product","3":"status-publish","4":"has-post-thumbnail","6":"region-bretagne-en","7":"brand-belleiloise-en-2","8":"product_cat-rillettes-mer-en","9":"product_cat-sea-products","11":"first","12":"outofstock","13":"purchasable","14":"product-type-simple"},"acf":[],"_links":{"self":[{"href":"https:\/\/www.finefrance.ch\/en\/wp-json\/wp\/v2\/product\/26096","targetHints":{"allow":["GET"]}}],"collection":[{"href":"https:\/\/www.finefrance.ch\/en\/wp-json\/wp\/v2\/product"}],"about":[{"href":"https:\/\/www.finefrance.ch\/en\/wp-json\/wp\/v2\/types\/product"}],"replies":[{"embeddable":true,"href":"https:\/\/www.finefrance.ch\/en\/wp-json\/wp\/v2\/comments?post=26096"}],"wp:featuredmedia":[{"embeddable":true,"href":"https:\/\/www.finefrance.ch\/en\/wp-json\/wp\/v2\/media\/26093"}],"wp:attachment":[{"href":"https:\/\/www.finefrance.ch\/en\/wp-json\/wp\/v2\/media?parent=26096"}],"wp:term":[{"taxonomy":"product_brand","embeddable":true,"href":"https:\/\/www.finefrance.ch\/en\/wp-json\/wp\/v2\/product_brand?post=26096"},{"taxonomy":"product_cat","embeddable":true,"href":"https:\/\/www.finefrance.ch\/en\/wp-json\/wp\/v2\/product_cat?post=26096"},{"taxonomy":"product_tag","embeddable":true,"href":"https:\/\/www.finefrance.ch\/en\/wp-json\/wp\/v2\/product_tag?post=26096"}],"curies":[{"name":"wp","href":"https:\/\/api.w.org\/{rel}","templated":true}]}}