{"id":26591,"date":"2024-07-11T09:00:32","date_gmt":"2024-07-11T07:00:32","guid":{"rendered":"https:\/\/www.finefrance.ch\/produit\/classic-bio-aop\/"},"modified":"2024-07-17T18:36:17","modified_gmt":"2024-07-17T16:36:17","slug":"classic-bio-aop","status":"publish","type":"product","link":"https:\/\/www.finefrance.ch\/en\/product\/classic-bio-aop\/","title":{"rendered":"CLASSIC BIO AOP"},"content":{"rendered":"<p>Classic Bio est une huile d&#8217;olive vierge extra d&#8217;exception extraite d&#8217;olives cultiv\u00e9es sur les pentes ensoleill\u00e9es des Alpilles.<\/p>\n<p>Cette huile d&#8217;olive est tout en rondeur et pr\u00e9sente un soup\u00e7on d&#8217;amertume et une note poivr\u00e9e en fin de bouche.<\/p>\n","protected":false},"excerpt":{"rendered":"<p>CLASSIC BIO AOP, Vall\u00e9e des Baux de Provence<\/p>\n<p>Huile d&#8217;olive vierge extra<\/p>\n<p>Bouteille en verre<\/p>\n<p>&nbsp;<\/p>\n<p><span style=\"color: #808080;\">M\u00e9daille d&#8217;argent au concours g\u00e9n\u00e9ral agricole 2024<\/span><\/p>\n","protected":false},"featured_media":26569,"comment_status":"closed","ping_status":"closed","template":"","meta":{"_acf_changed":false},"product_brand":[],"product_cat":[313,340],"product_tag":[],"class_list":{"0":"post-26591","1":"product","2":"type-product","3":"status-publish","4":"has-post-thumbnail","6":"label-10-aop-en","7":"label-02-bio-en","8":"brand-castelas-en-2","9":"product_cat-fine-food","10":"product_cat-huile-dolive-en","12":"first","13":"outofstock","14":"purchasable","15":"product-type-simple"},"acf":[],"_links":{"self":[{"href":"https:\/\/www.finefrance.ch\/en\/wp-json\/wp\/v2\/product\/26591","targetHints":{"allow":["GET"]}}],"collection":[{"href":"https:\/\/www.finefrance.ch\/en\/wp-json\/wp\/v2\/product"}],"about":[{"href":"https:\/\/www.finefrance.ch\/en\/wp-json\/wp\/v2\/types\/product"}],"replies":[{"embeddable":true,"href":"https:\/\/www.finefrance.ch\/en\/wp-json\/wp\/v2\/comments?post=26591"}],"wp:featuredmedia":[{"embeddable":true,"href":"https:\/\/www.finefrance.ch\/en\/wp-json\/wp\/v2\/media\/26569"}],"wp:attachment":[{"href":"https:\/\/www.finefrance.ch\/en\/wp-json\/wp\/v2\/media?parent=26591"}],"wp:term":[{"taxonomy":"product_brand","embeddable":true,"href":"https:\/\/www.finefrance.ch\/en\/wp-json\/wp\/v2\/product_brand?post=26591"},{"taxonomy":"product_cat","embeddable":true,"href":"https:\/\/www.finefrance.ch\/en\/wp-json\/wp\/v2\/product_cat?post=26591"},{"taxonomy":"product_tag","embeddable":true,"href":"https:\/\/www.finefrance.ch\/en\/wp-json\/wp\/v2\/product_tag?post=26591"}],"curies":[{"name":"wp","href":"https:\/\/api.w.org\/{rel}","templated":true}]}}