{"id":26593,"date":"2024-07-11T08:32:00","date_gmt":"2024-07-11T06:32:00","guid":{"rendered":"https:\/\/www.finefrance.ch\/produit\/noir-dolive-bio-aop\/"},"modified":"2024-07-17T18:36:44","modified_gmt":"2024-07-17T16:36:44","slug":"noir-dolive-bio-aop","status":"publish","type":"product","link":"https:\/\/www.finefrance.ch\/en\/product\/noir-dolive-bio-aop\/","title":{"rendered":"Noir d&#8217;olive BIO AOP"},"content":{"rendered":"<p>Noir d\u2019Olive BIO AOP est une huile d&#8217;olive issue de 4 vari\u00e9t\u00e9s d\u2019olives cueillies \u00e0 pleine maturit\u00e9.<br \/>\nCette extraordinaire huile d&#8217;olive r\u00e9v\u00e8le un go\u00fbt d&#8217;olives noires confites et s&#8217;utilise \u00e0 froid dans la salade, sur un filet de poisson, de la pur\u00e9e de pomme de terre ou pour monter une mayonnaise ou un a\u00efoli.<\/p>\n","protected":false},"excerpt":{"rendered":"<p>Noir d&#8217;olive BIO AOP de la vall\u00e9e des Baux de Provence<\/p>\n<p>Bouteille en verre<\/p>\n<p>&nbsp;<\/p>\n<p><span style=\"color: #808080;\">M\u00e9daille d&#8217;or au concours g\u00e9n\u00e9ral agricole 2024<\/span><\/p>\n","protected":false},"featured_media":26572,"comment_status":"closed","ping_status":"closed","template":"","meta":{"_acf_changed":false},"product_brand":[],"product_cat":[313,340],"product_tag":[],"class_list":{"0":"post-26593","1":"product","2":"type-product","3":"status-publish","4":"has-post-thumbnail","6":"label-10-aop-en","7":"label-02-bio-en","8":"brand-castelas-en-2","9":"product_cat-fine-food","10":"product_cat-huile-dolive-en","12":"first","13":"outofstock","14":"purchasable","15":"product-type-simple"},"acf":[],"_links":{"self":[{"href":"https:\/\/www.finefrance.ch\/en\/wp-json\/wp\/v2\/product\/26593","targetHints":{"allow":["GET"]}}],"collection":[{"href":"https:\/\/www.finefrance.ch\/en\/wp-json\/wp\/v2\/product"}],"about":[{"href":"https:\/\/www.finefrance.ch\/en\/wp-json\/wp\/v2\/types\/product"}],"replies":[{"embeddable":true,"href":"https:\/\/www.finefrance.ch\/en\/wp-json\/wp\/v2\/comments?post=26593"}],"wp:featuredmedia":[{"embeddable":true,"href":"https:\/\/www.finefrance.ch\/en\/wp-json\/wp\/v2\/media\/26572"}],"wp:attachment":[{"href":"https:\/\/www.finefrance.ch\/en\/wp-json\/wp\/v2\/media?parent=26593"}],"wp:term":[{"taxonomy":"product_brand","embeddable":true,"href":"https:\/\/www.finefrance.ch\/en\/wp-json\/wp\/v2\/product_brand?post=26593"},{"taxonomy":"product_cat","embeddable":true,"href":"https:\/\/www.finefrance.ch\/en\/wp-json\/wp\/v2\/product_cat?post=26593"},{"taxonomy":"product_tag","embeddable":true,"href":"https:\/\/www.finefrance.ch\/en\/wp-json\/wp\/v2\/product_tag?post=26593"}],"curies":[{"name":"wp","href":"https:\/\/api.w.org\/{rel}","templated":true}]}}