{"id":26919,"date":"2024-08-20T17:02:19","date_gmt":"2024-08-20T15:02:19","guid":{"rendered":"https:\/\/www.finefrance.ch\/produit\/rillettes-de-maquereau-aux-algues\/"},"modified":"2024-08-20T17:02:19","modified_gmt":"2024-08-20T15:02:19","slug":"rillettes-de-maquereau-aux-algues","status":"publish","type":"product","link":"https:\/\/www.finefrance.ch\/en\/product\/rillettes-de-maquereau-aux-algues\/","title":{"rendered":"Rillettes de maquereau aux algues"},"content":{"rendered":"<p>Les rillettes de maquereau aux algues concoct\u00e9es par la Belle Iloise aux notes marines et citronn\u00e9es, sont parfaites en ap\u00e9ritif ou pour un encas improvis\u00e9.<\/p>\n","protected":false},"excerpt":{"rendered":"<p>Rillettes de maquereau aux algues wakam\u00e9 et citron<\/p>\n","protected":false},"featured_media":26749,"comment_status":"closed","ping_status":"closed","template":"","meta":{"_acf_changed":false},"product_brand":[],"product_cat":[802,334,317],"product_tag":[],"class_list":{"0":"post-26919","1":"product","2":"type-product","3":"status-publish","4":"has-post-thumbnail","6":"region-bretagne-en","7":"brand-belleiloise-en-2","8":"product_cat-mackerel","9":"product_cat-rillettes-mer-en","10":"product_cat-sea-products","12":"first","13":"instock","14":"purchasable","15":"product-type-simple"},"acf":[],"_links":{"self":[{"href":"https:\/\/www.finefrance.ch\/en\/wp-json\/wp\/v2\/product\/26919","targetHints":{"allow":["GET"]}}],"collection":[{"href":"https:\/\/www.finefrance.ch\/en\/wp-json\/wp\/v2\/product"}],"about":[{"href":"https:\/\/www.finefrance.ch\/en\/wp-json\/wp\/v2\/types\/product"}],"replies":[{"embeddable":true,"href":"https:\/\/www.finefrance.ch\/en\/wp-json\/wp\/v2\/comments?post=26919"}],"wp:featuredmedia":[{"embeddable":true,"href":"https:\/\/www.finefrance.ch\/en\/wp-json\/wp\/v2\/media\/26749"}],"wp:attachment":[{"href":"https:\/\/www.finefrance.ch\/en\/wp-json\/wp\/v2\/media?parent=26919"}],"wp:term":[{"taxonomy":"product_brand","embeddable":true,"href":"https:\/\/www.finefrance.ch\/en\/wp-json\/wp\/v2\/product_brand?post=26919"},{"taxonomy":"product_cat","embeddable":true,"href":"https:\/\/www.finefrance.ch\/en\/wp-json\/wp\/v2\/product_cat?post=26919"},{"taxonomy":"product_tag","embeddable":true,"href":"https:\/\/www.finefrance.ch\/en\/wp-json\/wp\/v2\/product_tag?post=26919"}],"curies":[{"name":"wp","href":"https:\/\/api.w.org\/{rel}","templated":true}]}}