{"id":26970,"date":"2025-03-21T12:57:47","date_gmt":"2025-03-21T10:57:47","guid":{"rendered":"https:\/\/www.finefrance.ch\/produit\/corbeille-petits-plaisirs\/"},"modified":"2025-03-21T12:57:47","modified_gmt":"2025-03-21T10:57:47","slug":"corbeille-petits-plaisirs","status":"publish","type":"product","link":"https:\/\/www.finefrance.ch\/en\/product\/corbeille-petits-plaisirs\/","title":{"rendered":"Corbeille Petits plaisirs"},"content":{"rendered":"<p>Cette jolie corbeille cadeau cartonn\u00e9e &#8220;Petits plaisirs&#8221;, d\u00e9cor Vichy, contient une jolie s\u00e9lection de sp\u00e9cialit\u00e9s artisanales :<br \/>\n&#8211; Rillettes de poularde au foie gras, Le Comptoir du Fougeray<br \/>\n&#8211; Vinaigre \u00e0 la pulpe de fruit de la passion, Libeluile<br \/>\n&#8211; Huile vierge de noix, Libeluile<br \/>\n&#8211; Rillettes de saumon aux algues, Algoplus<br \/>\n&#8211; Saveurs d&#8217;artichaut, Algoplus<br \/>\n&#8211; Confiture de myrtilles sauvages, Le Clos de Laure<\/p>\n","protected":false},"excerpt":{"rendered":"<p>Corbeille cadeau &#8220;Petits plaisirs&#8221;<\/p>\n","protected":false},"featured_media":26961,"comment_status":"closed","ping_status":"closed","template":"","meta":{"_acf_changed":false},"product_brand":[],"product_cat":[315],"product_tag":[],"class_list":{"0":"post-26970","1":"product","2":"type-product","3":"status-publish","4":"has-post-thumbnail","6":"product_cat-gifts-boxes","8":"first","9":"outofstock","10":"purchasable","11":"product-type-simple"},"acf":[],"_links":{"self":[{"href":"https:\/\/www.finefrance.ch\/en\/wp-json\/wp\/v2\/product\/26970","targetHints":{"allow":["GET"]}}],"collection":[{"href":"https:\/\/www.finefrance.ch\/en\/wp-json\/wp\/v2\/product"}],"about":[{"href":"https:\/\/www.finefrance.ch\/en\/wp-json\/wp\/v2\/types\/product"}],"replies":[{"embeddable":true,"href":"https:\/\/www.finefrance.ch\/en\/wp-json\/wp\/v2\/comments?post=26970"}],"wp:featuredmedia":[{"embeddable":true,"href":"https:\/\/www.finefrance.ch\/en\/wp-json\/wp\/v2\/media\/26961"}],"wp:attachment":[{"href":"https:\/\/www.finefrance.ch\/en\/wp-json\/wp\/v2\/media?parent=26970"}],"wp:term":[{"taxonomy":"product_brand","embeddable":true,"href":"https:\/\/www.finefrance.ch\/en\/wp-json\/wp\/v2\/product_brand?post=26970"},{"taxonomy":"product_cat","embeddable":true,"href":"https:\/\/www.finefrance.ch\/en\/wp-json\/wp\/v2\/product_cat?post=26970"},{"taxonomy":"product_tag","embeddable":true,"href":"https:\/\/www.finefrance.ch\/en\/wp-json\/wp\/v2\/product_tag?post=26970"}],"curies":[{"name":"wp","href":"https:\/\/api.w.org\/{rel}","templated":true}]}}